{"id":899,"date":"2022-02-17T11:20:28","date_gmt":"2022-02-17T11:20:28","guid":{"rendered":"http:\/\/hotelfloaredecolt.ro\/?page_id=899"},"modified":"2022-03-18T13:29:47","modified_gmt":"2022-03-18T13:29:47","slug":"fan-meeting","status":"publish","type":"page","link":"https:\/\/hotelfloaredecolt.ro\/index.php\/fan-meeting\/","title":{"rendered":"Fan Meeting \u00een natur\u0103, \u00een pitoreasca Bucovin\u0103!"},"content":{"rendered":"\n<hr class=\"wp-block-separator\" id=\"concept\"\/>\n\n\n\n<figure class=\"wp-block-image size-large\"><img loading=\"lazy\" decoding=\"async\" width=\"1024\" height=\"576\" src=\"https:\/\/hotelfloaredecolt.ro\/wp-content\/uploads\/2022\/03\/WhatsApp-Image-2022-02-17-at-18.43.53-1024x576.jpeg\" alt=\"\" class=\"wp-image-976\" srcset=\"https:\/\/hotelfloaredecolt.ro\/wp-content\/uploads\/2022\/03\/WhatsApp-Image-2022-02-17-at-18.43.53-1024x576.jpeg 1024w, https:\/\/hotelfloaredecolt.ro\/wp-content\/uploads\/2022\/03\/WhatsApp-Image-2022-02-17-at-18.43.53-300x169.jpeg 300w, https:\/\/hotelfloaredecolt.ro\/wp-content\/uploads\/2022\/03\/WhatsApp-Image-2022-02-17-at-18.43.53-768x432.jpeg 768w, https:\/\/hotelfloaredecolt.ro\/wp-content\/uploads\/2022\/03\/WhatsApp-Image-2022-02-17-at-18.43.53-1536x864.jpeg 1536w, https:\/\/hotelfloaredecolt.ro\/wp-content\/uploads\/2022\/03\/WhatsApp-Image-2022-02-17-at-18.43.53.jpeg 1600w\" sizes=\"auto, (max-width: 1024px) 100vw, 1024px\" \/><\/figure>\n\n\n\n<figure class=\"wp-block-image size-large\"><img loading=\"lazy\" decoding=\"async\" width=\"1024\" height=\"628\" src=\"https:\/\/hotelfloaredecolt.ro\/wp-content\/uploads\/2022\/03\/Untitled-1-1-1024x628.jpg\" alt=\"\" class=\"wp-image-980\" srcset=\"https:\/\/hotelfloaredecolt.ro\/wp-content\/uploads\/2022\/03\/Untitled-1-1-1024x628.jpg 1024w, https:\/\/hotelfloaredecolt.ro\/wp-content\/uploads\/2022\/03\/Untitled-1-1-300x184.jpg 300w, https:\/\/hotelfloaredecolt.ro\/wp-content\/uploads\/2022\/03\/Untitled-1-1-768x471.jpg 768w, https:\/\/hotelfloaredecolt.ro\/wp-content\/uploads\/2022\/03\/Untitled-1-1.jpg 1200w\" sizes=\"auto, (max-width: 1024px) 100vw, 1024px\" \/><\/figure>\n\n\n\n<figure class=\"wp-block-image size-large\"><img loading=\"lazy\" decoding=\"async\" width=\"1024\" height=\"576\" src=\"https:\/\/hotelfloaredecolt.ro\/wp-content\/uploads\/2022\/03\/WhatsApp-Image-2022-02-17-at-18.44.13-1024x576.jpeg\" alt=\"\" class=\"wp-image-981\" srcset=\"https:\/\/hotelfloaredecolt.ro\/wp-content\/uploads\/2022\/03\/WhatsApp-Image-2022-02-17-at-18.44.13-1024x576.jpeg 1024w, https:\/\/hotelfloaredecolt.ro\/wp-content\/uploads\/2022\/03\/WhatsApp-Image-2022-02-17-at-18.44.13-300x169.jpeg 300w, https:\/\/hotelfloaredecolt.ro\/wp-content\/uploads\/2022\/03\/WhatsApp-Image-2022-02-17-at-18.44.13-768x432.jpeg 768w, https:\/\/hotelfloaredecolt.ro\/wp-content\/uploads\/2022\/03\/WhatsApp-Image-2022-02-17-at-18.44.13-1536x864.jpeg 1536w, https:\/\/hotelfloaredecolt.ro\/wp-content\/uploads\/2022\/03\/WhatsApp-Image-2022-02-17-at-18.44.13.jpeg 1600w\" sizes=\"auto, (max-width: 1024px) 100vw, 1024px\" \/><\/figure>\n\n\n<style type=\"text\/css\" scoped>.rbs_gallery_69d02de2dcca3Spinner{\r\n\t\t\t\tmargin: 50px auto;\r\n\t\t\t\twidth: 50px;\r\n\t\t\t\theight: 40px;\r\n\t\t\t\ttext-align: center;\r\n\t\t\t\tfont-size: 10px;\r\n\t\t\t}\r\n\t\t\t.rbs_gallery_69d02de2dcca3Spinner > div{\r\n\t\t\t  background-color: #333;\r\n\t\t\t  height: 100%;\r\n\t\t\t  width: 6px;\r\n\t\t\t  display: inline-block;\r\n\t\t\t  -webkit-animation: rbs_gallery_69d02de2dcca3-stretchdelay 1.2s infinite ease-in-out;\r\n\t\t\t  animation: rbs_gallery_69d02de2dcca3-stretchdelay 1.2s infinite ease-in-out;\r\n\t\t\t}\r\n\t\t\t.rbs_gallery_69d02de2dcca3Spinner .rbs_gallery_69d02de2dcca3Rect2 {\r\n\t\t\t  -webkit-animation-delay: -1.1s;\r\n\t\t\t  animation-delay: -1.1s;\r\n\t\t\t}\r\n\t\t\t.rbs_gallery_69d02de2dcca3Spinner .rbs_gallery_69d02de2dcca3Rect3 {\r\n\t\t\t  -webkit-animation-delay: -1.0s;\r\n\t\t\t  animation-delay: -1.0s;\r\n\t\t\t}\r\n\t\t\t.rbs_gallery_69d02de2dcca3Spinner .rbs_gallery_69d02de2dcca3Rect4 {\r\n\t\t\t  -webkit-animation-delay: -0.9s;\r\n\t\t\t  animation-delay: -0.9s;\r\n\t\t\t}\r\n\t\t\t.rbs_gallery_69d02de2dcca3Spinner .rbs_gallery_69d02de2dcca3Rect5 {\r\n\t\t\t  -webkit-animation-delay: -0.8s;\r\n\t\t\t  animation-delay: -0.8s;\r\n\t\t\t}\r\n\t\t\t@-webkit-keyframes rbs_gallery_69d02de2dcca3-stretchdelay {\r\n\t\t\t  0%, 40%, 100% { -webkit-transform: scaleY(0.4) }  \r\n\t\t\t  20% { -webkit-transform: scaleY(1.0) }\r\n\t\t\t}\r\n\t\t\t@keyframes rbs_gallery_69d02de2dcca3-stretchdelay {\r\n\t\t\t  0%, 40%, 100% { \r\n\t\t\t    transform: scaleY(0.4);\r\n\t\t\t    -webkit-transform: scaleY(0.4);\r\n\t\t\t  }  20% { \r\n\t\t\t    transform: scaleY(1.0);\r\n\t\t\t    -webkit-transform: scaleY(1.0);\r\n\t\t\t  }\r\n\t\t\t}\r\n\t\t<\/style><div class=\"robo-gallery-wrap robo-gallery-wrap-id983 robo-gallery-mosaic\" ><div id=\"rbs_gallery_69d02de2dcca3-block-loader\" class=\"rbs_gallery_69d02de2dcca3Spinner\"><div class=\"rbs_gallery_69d02de2dcca3Rect1\"><\/div> <div class=\"rbs_gallery_69d02de2dcca3Rect2\"><\/div> <div class=\"rbs_gallery_69d02de2dcca3Rect3\"><\/div> <div class=\"rbs_gallery_69d02de2dcca3Rect4\"><\/div> <div class=\"rbs_gallery_69d02de2dcca3Rect5\"><\/div><\/div><div id=\"robo_gallery_main_block_rbs_gallery_69d02de2dcca3\" class=\"robogallery-gallery-983\" style=\"width:100%;margin:0 auto;  display: none;\"><div id=\"rbs_gallery_69d02de2dcca3\" data-options=\"rbs_gallery_69d02de2dcca3\" style=\"width:100%;\" class=\"robo_gallery  \"><div class=\"rbs-img  category983 \"  data-columns=\"4\" ><div class=\"rbs-img-image   rbs-lightbox \" ><div class=\"rbs-img-thumbs\"  data-thumbnail=\"https:\/\/hotelfloaredecolt.ro\/wp-content\/uploads\/2022\/03\/copac-733x1024.jpeg\"  title=\"copac\"  data-width=\"710\"  data-height=\"992\" ><\/div><div class=\"rbs-img-data-popup\"  data-popup=\"https:\/\/hotelfloaredecolt.ro\/wp-content\/uploads\/2022\/03\/copac.jpeg\"  title=\"copac\" ><\/div><div class=\"thumbnail-overlay\"><div class=\"rbsIcons\"><i class=\"fa fa-image rbsZoomIcon \" ><\/i><\/div><\/div><\/div><\/div><div class=\"rbs-img  category983 \" ><div class=\"rbs-img-image   rbs-lightbox \" ><div class=\"rbs-img-thumbs\"  data-thumbnail=\"https:\/\/hotelfloaredecolt.ro\/wp-content\/uploads\/2020\/10\/WhatsApp-Image-2020-10-30-at-11.46.01-1024x768.jpeg\"  title=\"Laterala Restaurant Vechi\"  data-width=\"710\"  data-height=\"533\" ><\/div><div class=\"rbs-img-data-popup\"  data-popup=\"https:\/\/hotelfloaredecolt.ro\/wp-content\/uploads\/2020\/10\/WhatsApp-Image-2020-10-30-at-11.46.01.jpeg\"  title=\"Laterala Restaurant Vechi\" ><\/div><div class=\"thumbnail-overlay\"><div class=\"rbsIcons\"><i class=\"fa fa-image rbsZoomIcon \" ><\/i><\/div><\/div><\/div><\/div><div class=\"rbs-img  category983 \" ><div class=\"rbs-img-image   rbs-lightbox \" ><div class=\"rbs-img-thumbs\"  data-thumbnail=\"https:\/\/hotelfloaredecolt.ro\/wp-content\/uploads\/2020\/10\/WhatsApp-Image-2020-10-30-at-11.46.00-1024x772.jpeg\"  title=\"Bine ati venit.\"  data-width=\"710\"  data-height=\"535\" ><\/div><div class=\"rbs-img-data-popup\"  data-popup=\"https:\/\/hotelfloaredecolt.ro\/wp-content\/uploads\/2020\/10\/WhatsApp-Image-2020-10-30-at-11.46.00.jpeg\"  title=\"Bine ati venit.\" ><\/div><div class=\"thumbnail-overlay\"><div class=\"rbsIcons\"><i class=\"fa fa-image rbsZoomIcon \" ><\/i><\/div><\/div><\/div><\/div><div class=\"rbs-img  category983 \" ><div class=\"rbs-img-image   rbs-lightbox \" ><div class=\"rbs-img-thumbs\"  data-thumbnail=\"https:\/\/hotelfloaredecolt.ro\/wp-content\/uploads\/2020\/10\/hotel-fata-1.jpg\"  title=\"hotel fata\"  data-width=\"710\"  data-height=\"399\" ><\/div><div class=\"rbs-img-data-popup\"  data-popup=\"https:\/\/hotelfloaredecolt.ro\/wp-content\/uploads\/2020\/10\/hotel-fata-1.jpg\"  title=\"hotel fata\" ><\/div><div class=\"thumbnail-overlay\"><div class=\"rbsIcons\"><i class=\"fa fa-image rbsZoomIcon \" ><\/i><\/div><\/div><\/div><\/div><div class=\"rbs-img  category983 \"  data-columns=\"3\" ><div class=\"rbs-img-image   rbs-lightbox \" ><div class=\"rbs-img-thumbs\"  data-thumbnail=\"https:\/\/hotelfloaredecolt.ro\/wp-content\/uploads\/2020\/10\/baie1.jpg\"  title=\"baie1\"  data-width=\"710\"  data-height=\"474\" ><\/div><div class=\"rbs-img-data-popup\"  data-popup=\"https:\/\/hotelfloaredecolt.ro\/wp-content\/uploads\/2020\/10\/baie1.jpg\"  title=\"baie1\" ><\/div><div class=\"thumbnail-overlay\"><div class=\"rbsIcons\"><i class=\"fa fa-image rbsZoomIcon \" ><\/i><\/div><\/div><\/div><\/div><div class=\"rbs-img  category983 \" ><div class=\"rbs-img-image   rbs-lightbox \" ><div class=\"rbs-img-thumbs\"  data-thumbnail=\"https:\/\/hotelfloaredecolt.ro\/wp-content\/uploads\/2020\/10\/camera.jpg\"  title=\"camera\"  data-width=\"710\"  data-height=\"473\" ><\/div><div class=\"rbs-img-data-popup\"  data-popup=\"https:\/\/hotelfloaredecolt.ro\/wp-content\/uploads\/2020\/10\/camera.jpg\"  title=\"camera\" ><\/div><div class=\"thumbnail-overlay\"><div class=\"rbsIcons\"><i class=\"fa fa-image rbsZoomIcon \" ><\/i><\/div><\/div><\/div><\/div><div class=\"rbs-img  category983 \" ><div class=\"rbs-img-image   rbs-lightbox \" ><div class=\"rbs-img-thumbs\"  data-thumbnail=\"https:\/\/hotelfloaredecolt.ro\/wp-content\/uploads\/2020\/11\/ciubare-va-urma-1-1024x505.jpg\"  title=\"ciubare-va-urma-1\"  data-width=\"710\"  data-height=\"350\" ><\/div><div class=\"rbs-img-data-popup\"  data-popup=\"https:\/\/hotelfloaredecolt.ro\/wp-content\/uploads\/2020\/11\/ciubare-va-urma-1.jpg\"  title=\"ciubare-va-urma-1\" ><\/div><div class=\"thumbnail-overlay\"><div class=\"rbsIcons\"><i class=\"fa fa-image rbsZoomIcon \" ><\/i><\/div><\/div><\/div><\/div><div class=\"rbs-img  category983 \" ><div class=\"rbs-img-image   rbs-lightbox \" ><div class=\"rbs-img-thumbs\"  data-thumbnail=\"https:\/\/hotelfloaredecolt.ro\/wp-content\/uploads\/2022\/03\/cristi-1024x681.png\"  title=\"cristi\"  data-width=\"710\"  data-height=\"472\" ><\/div><div class=\"rbs-img-data-popup\"  data-popup=\"https:\/\/hotelfloaredecolt.ro\/wp-content\/uploads\/2022\/03\/cristi.png\"  title=\"cristi\" ><\/div><div class=\"thumbnail-overlay\"><div class=\"rbsIcons\"><i class=\"fa fa-image rbsZoomIcon \" ><\/i><\/div><\/div><\/div><\/div><div class=\"rbs-img  category983 \" ><div class=\"rbs-img-image   rbs-lightbox \" ><div class=\"rbs-img-thumbs\"  data-thumbnail=\"https:\/\/hotelfloaredecolt.ro\/wp-content\/uploads\/2022\/02\/unnamed-11.jpg\"  title=\"F.Charm (3)\"  data-width=\"710\"  data-height=\"532\" ><\/div><div class=\"rbs-img-data-popup\"  data-popup=\"https:\/\/hotelfloaredecolt.ro\/wp-content\/uploads\/2022\/02\/unnamed-11.jpg\"  title=\"F.Charm (3)\" ><\/div><div class=\"thumbnail-overlay\"><div class=\"rbsIcons\"><i class=\"fa fa-image rbsZoomIcon \" ><\/i><\/div><\/div><\/div><\/div><div class=\"rbs-img  category983 \"  data-columns=\"2\" ><div class=\"rbs-img-image   rbs-lightbox \" ><div class=\"rbs-img-thumbs\"  data-thumbnail=\"https:\/\/hotelfloaredecolt.ro\/wp-content\/uploads\/2022\/02\/unnamed-1-1.jpg\"  title=\"F.Charm (1)\"  data-width=\"710\"  data-height=\"531\" ><\/div><div class=\"rbs-img-data-popup\"  data-popup=\"https:\/\/hotelfloaredecolt.ro\/wp-content\/uploads\/2022\/02\/unnamed-1-1.jpg\"  title=\"F.Charm (1)\" ><\/div><div class=\"thumbnail-overlay\"><div class=\"rbsIcons\"><i class=\"fa fa-image rbsZoomIcon \" ><\/i><\/div><\/div><\/div><\/div><div class=\"rbs-img  category983 \" ><div class=\"rbs-img-image   rbs-lightbox \" ><div class=\"rbs-img-thumbs\"  data-thumbnail=\"https:\/\/hotelfloaredecolt.ro\/wp-content\/uploads\/2022\/03\/va-asteptam-733x1024.png\"  title=\"va asteptam\"  data-width=\"710\"  data-height=\"992\" ><\/div><div class=\"rbs-img-data-popup\"  data-popup=\"https:\/\/hotelfloaredecolt.ro\/wp-content\/uploads\/2022\/03\/va-asteptam.png\"  title=\"va asteptam\" ><\/div><div class=\"thumbnail-overlay\"><div class=\"rbsIcons\"><i class=\"fa fa-image rbsZoomIcon \" ><\/i><\/div><\/div><\/div><\/div><div class=\"rbs-img  category983 \" ><div class=\"rbs-img-image   rbs-lightbox \" ><div class=\"rbs-img-thumbs\"  data-thumbnail=\"https:\/\/hotelfloaredecolt.ro\/wp-content\/uploads\/2020\/10\/balcon1-1.jpg\"  title=\"balcon1\"  data-width=\"512\"  data-height=\"768\" ><\/div><div class=\"rbs-img-data-popup\"  data-popup=\"https:\/\/hotelfloaredecolt.ro\/wp-content\/uploads\/2020\/10\/balcon1-1.jpg\"  title=\"balcon1\" ><\/div><div class=\"thumbnail-overlay\"><div class=\"rbsIcons\"><i class=\"fa fa-image rbsZoomIcon \" ><\/i><\/div><\/div><\/div><\/div><\/div><\/div><\/div><script>var rbs_gallery_69d02de2dcca3 = {\"version\":\"5.1.4\",\"id\":983,\"class\":\"id983\",\"roboGalleryDelay\":1000,\"mainContainer\":\"#robo_gallery_main_block_rbs_gallery_69d02de2dcca3\",\"loadingContainer\":\"#rbs_gallery_69d02de2dcca3-block-loader\",\"loadingContainerObj\":\"rbs_gallery_69d02de2dcca3-block-loader\",\"columnWidth\":\"auto\",\"columns\":8,\"resolutions\":[{\"columnWidth\":\"auto\",\"columns\":3,\"maxWidth\":960},{\"columnWidth\":\"auto\",\"columns\":2,\"maxWidth\":650},{\"columnWidth\":\"auto\",\"columns\":1,\"maxWidth\":450}],\"hideTitle\":true,\"lightboxOptions\":{\"gallery\":{\"enabled\":true,\"tCounter\":\"%curr% of %total%\"},\"image\":{\"verticalFit\":true},\"mainClass\":\"my-mfp-slide-bottom mfp-img-mobile\"},\"overlayEffect\":\"direction-aware-fade\",\"boxesToLoadStart\":50,\"boxesToLoad\":8,\"waitUntilThumbLoads\":1,\"LoadingWord\":\"Loading...\",\"loadMoreWord\":\"Load More\",\"noMoreEntriesWord\":\"No More Entries\",\"horizontalSpaceBetweenBoxes\":15,\"verticalSpaceBetweenBoxes\":15,\"lazyLoad\":1,\"wrapContainer\":\"#robo-gallery-wrap-rbs_gallery_69d02de2dcca3\"};<\/script>\n\n\n<p class=\"has-text-align-left\">Un nou concept, posibilit\u0103\u021bi infinite pentru ca artistul s\u0103 \u00ee\u0219i cunoasc\u0103 fanii!<br>Un eveniment \u201c\u00een spatele microfonului\u201d, unde v\u0103 pute\u021bi relaxa \u0219i socializa. Workshop-uri creative, concerte speciale ale&nbsp; arti\u0219tilor sau lansare de carte, sunt doar c\u00e2teva concepte la care noi ne-am g\u00e2ndit, \u00eens\u0103 suntem deschi\u0219i s\u0103 primim sugestiile voastre. Fie c\u0103 v\u0103 dori\u021bi s\u0103 savura\u021bi cafeaua diminea\u021ba al\u0103turi de oamenii care v\u0103 admir\u0103, sau un vin, c\u00e2t se face gr\u0103tarul, \u0219tim c\u0103 suntem locul potrivit!&nbsp;<\/p>\n\n\n\n<p class=\"has-text-align-left\">Ne dorim s\u0103 apropiem oamenii de arti\u0219tii prefera\u021bi \u0219i s\u0103 fim complici!&nbsp;<br>Alege\u021bi data \u0219i l\u0103sa\u021bi totul \u00een grija noastr\u0103!&nbsp;<br>Pachetele sunt personalizate \u00een func\u021bie de fiecare artist\/ autor\/ persoan\u0103 public\u0103.<\/p>\n\n\n\n<hr class=\"wp-block-separator\" id=\"extra\"\/>\n\n\n\n<h3 class=\"wp-block-heading\">Printre altele ne vom bucura de:<\/h3>\n\n\n\n<p>&#8211; Foc de tab\u0103r\u0103<br>&#8211; Aventur\u0103 pe tirolian\u0103<br>&#8211; Panou vertical de escalad\u0103<br>&#8211; Tir cu arcul \u0219i cu pu\u0219ca<br>&#8211; Sal\u0103 de XBox&nbsp;<br>&#8211; Mas\u0103 de biliard<br>&#8211; Teren de fotbal \u0219i baschet<br>&#8211; Ciub\u0103r \u0219i sauna rustic\u0103 \u00een aer liber.<\/p>\n\n\n\n<p>Evenimentele au loc la Hotel &#8220;Floare de col\u021b&#8221; din Gura Humorului.<br>Locuri limitate: 50 persoane<\/p>\n\n\n\n<hr class=\"wp-block-separator\" id=\"plata\"\/>\n\n\n\n<h3 class=\"wp-block-heading\" id=\"plata\">Modalit\u0103\u021bi de plat\u0103:<\/h3>\n\n\n\n<p>Beneficiar SC OLD LINE SRL<br>Transfer bancar \u00een contul: RO60BTRLRONCRT0201166101<br>Detalii plat\u0103: Eveniment \u201eNume artist\u201d<br>sau link pentru pl\u0103\u021bi cu cardul: <br><a href=\"https:\/\/pay.vivawallet.com\/hotel-floare-de-colt\">https:\/\/pay.vivawallet.com\/hotel-floare-de-colt<\/a><br>Detalii plat\u0103: Eveniment \u201eNume Artist\u201d \u0219i telefon contact pl\u0103titor.<\/p>\n\n\n\n<p><\/p>\n\n\n\n<h3 class=\"wp-block-heading\">Organizator: <\/h3>\n\n\n\n<p>Petre Gherman  &#8211;  <a href=\"http:\/\/&quot;tel:0040745592452&quot;\" data-type=\"tel\" data-id=\"&quot;tel:0040745592452&quot;\"><span style=\"text-decoration: underline;\">T<\/span><\/a><a href=\"tel:0040745592452\" data-type=\"tel\" data-id=\"tel:0040745592452\"><span style=\"text-decoration: underline;\">el:<\/span> 0040745592452<\/a><\/p>\n\n\n\n<hr class=\"wp-block-separator is-style-wide\" id=\"galerie\"\/>\n","protected":false},"excerpt":{"rendered":"<p>Un nou concept, posibilit\u0103\u021bi infinite pentru ca artistul s\u0103 \u00ee\u0219i cunoasc\u0103 fanii!Un eveniment \u201c\u00een spatele microfonului\u201d, unde v\u0103 pute\u021bi relaxa \u0219i socializa. Workshop-uri creative, concerte speciale ale&nbsp; arti\u0219tilor sau lansare de carte, sunt doar c\u00e2teva &#8230;<\/p>\n","protected":false},"author":1,"featured_media":0,"parent":0,"menu_order":0,"comment_status":"closed","ping_status":"closed","template":"","meta":{"om_disable_all_campaigns":false,"_monsterinsights_skip_tracking":false,"_monsterinsights_sitenote_active":false,"_monsterinsights_sitenote_note":"","_monsterinsights_sitenote_category":0,"footnotes":""},"class_list":["post-899","page","type-page","status-publish","hentry"],"aioseo_notices":[],"_links":{"self":[{"href":"https:\/\/hotelfloaredecolt.ro\/index.php\/wp-json\/wp\/v2\/pages\/899","targetHints":{"allow":["GET"]}}],"collection":[{"href":"https:\/\/hotelfloaredecolt.ro\/index.php\/wp-json\/wp\/v2\/pages"}],"about":[{"href":"https:\/\/hotelfloaredecolt.ro\/index.php\/wp-json\/wp\/v2\/types\/page"}],"author":[{"embeddable":true,"href":"https:\/\/hotelfloaredecolt.ro\/index.php\/wp-json\/wp\/v2\/users\/1"}],"replies":[{"embeddable":true,"href":"https:\/\/hotelfloaredecolt.ro\/index.php\/wp-json\/wp\/v2\/comments?post=899"}],"version-history":[{"count":17,"href":"https:\/\/hotelfloaredecolt.ro\/index.php\/wp-json\/wp\/v2\/pages\/899\/revisions"}],"predecessor-version":[{"id":995,"href":"https:\/\/hotelfloaredecolt.ro\/index.php\/wp-json\/wp\/v2\/pages\/899\/revisions\/995"}],"wp:attachment":[{"href":"https:\/\/hotelfloaredecolt.ro\/index.php\/wp-json\/wp\/v2\/media?parent=899"}],"curies":[{"name":"wp","href":"https:\/\/api.w.org\/{rel}","templated":true}]}}