{"id":636,"date":"2020-11-26T09:53:54","date_gmt":"2020-11-26T09:53:54","guid":{"rendered":"http:\/\/hotelfloaredecolt.ro\/?page_id=636"},"modified":"2022-01-31T13:29:38","modified_gmt":"2022-01-31T13:29:38","slug":"facilitati","status":"publish","type":"page","link":"https:\/\/hotelfloaredecolt.ro\/index.php\/facilitati\/","title":{"rendered":"Facilit\u0103\u021bi"},"content":{"rendered":"\n<div class=\"wp-block-media-text alignwide has-media-on-the-right is-vertically-aligned-center is-image-fill\" style=\"grid-template-columns:auto 48%\"><figure class=\"wp-block-media-text__media\" style=\"background-image:url(https:\/\/hotelfloaredecolt.ro\/wp-content\/uploads\/2020\/11\/Priveliste-1024x472.jpeg);background-position:93% 51%\"><img loading=\"lazy\" decoding=\"async\" width=\"1024\" height=\"472\" src=\"https:\/\/hotelfloaredecolt.ro\/wp-content\/uploads\/2020\/11\/Priveliste-1024x472.jpeg\" alt=\"\" class=\"wp-image-644 size-full\" srcset=\"https:\/\/hotelfloaredecolt.ro\/wp-content\/uploads\/2020\/11\/Priveliste-1024x472.jpeg 1024w, https:\/\/hotelfloaredecolt.ro\/wp-content\/uploads\/2020\/11\/Priveliste-300x138.jpeg 300w, https:\/\/hotelfloaredecolt.ro\/wp-content\/uploads\/2020\/11\/Priveliste-768x354.jpeg 768w, https:\/\/hotelfloaredecolt.ro\/wp-content\/uploads\/2020\/11\/Priveliste-1536x708.jpeg 1536w, https:\/\/hotelfloaredecolt.ro\/wp-content\/uploads\/2020\/11\/Priveliste.jpeg 1600w\" sizes=\"auto, (max-width: 1024px) 100vw, 1024px\" \/><\/figure><div class=\"wp-block-media-text__content\">\n<p class=\"has-vivid-cyan-blue-color has-text-color has-medium-font-size\"><strong>Priveli\u0219te ce \u00ee\u021bi taie r\u0103suflarea, at\u00e2t vara&#8230;<\/strong><\/p>\n<\/div><\/div>\n\n\n\n<div class=\"wp-block-media-text alignwide is-vertically-aligned-center is-image-fill\" style=\"grid-template-columns:48% auto\"><figure class=\"wp-block-media-text__media\" style=\"background-image:url(https:\/\/hotelfloaredecolt.ro\/wp-content\/uploads\/2020\/11\/WhatsApp-Image-2020-11-25-at-17.46.19-e1606385643681-1024x501.jpeg);background-position:36% 64%\"><img loading=\"lazy\" decoding=\"async\" width=\"1024\" height=\"501\" src=\"https:\/\/hotelfloaredecolt.ro\/wp-content\/uploads\/2020\/11\/WhatsApp-Image-2020-11-25-at-17.46.19-e1606385643681-1024x501.jpeg\" alt=\"\" class=\"wp-image-645 size-full\" srcset=\"https:\/\/hotelfloaredecolt.ro\/wp-content\/uploads\/2020\/11\/WhatsApp-Image-2020-11-25-at-17.46.19-e1606385643681-1024x501.jpeg 1024w, https:\/\/hotelfloaredecolt.ro\/wp-content\/uploads\/2020\/11\/WhatsApp-Image-2020-11-25-at-17.46.19-e1606385643681-300x147.jpeg 300w, https:\/\/hotelfloaredecolt.ro\/wp-content\/uploads\/2020\/11\/WhatsApp-Image-2020-11-25-at-17.46.19-e1606385643681-768x376.jpeg 768w, https:\/\/hotelfloaredecolt.ro\/wp-content\/uploads\/2020\/11\/WhatsApp-Image-2020-11-25-at-17.46.19-e1606385643681.jpeg 1191w\" sizes=\"auto, (max-width: 1024px) 100vw, 1024px\" \/><\/figure><div class=\"wp-block-media-text__content\">\n<p class=\"has-vivid-cyan-blue-color has-text-color has-medium-font-size\"><strong>&#8230;c\u00eet \u0219i iarna.<\/strong><\/p>\n<\/div><\/div>\n\n\n\n<hr class=\"wp-block-separator has-text-color has-background has-vivid-cyan-blue-background-color has-vivid-cyan-blue-color is-style-default\"\/>\n\n\n\n<div class=\"wp-block-media-text alignwide has-media-on-the-right is-vertically-aligned-center is-image-fill\" style=\"grid-template-columns:auto 48%\"><figure class=\"wp-block-media-text__media\" style=\"background-image:url(https:\/\/hotelfloaredecolt.ro\/wp-content\/uploads\/2020\/11\/WhatsApp-Image-2020-11-25-at-17.35.25-4-e1643635696506-1024x630.jpeg);background-position:50% 50%\"><img loading=\"lazy\" decoding=\"async\" width=\"1024\" height=\"630\" src=\"https:\/\/hotelfloaredecolt.ro\/wp-content\/uploads\/2020\/11\/WhatsApp-Image-2020-11-25-at-17.35.25-4-e1643635696506-1024x630.jpeg\" alt=\"\" class=\"wp-image-642 size-full\" srcset=\"https:\/\/hotelfloaredecolt.ro\/wp-content\/uploads\/2020\/11\/WhatsApp-Image-2020-11-25-at-17.35.25-4-e1643635696506-1024x630.jpeg 1024w, https:\/\/hotelfloaredecolt.ro\/wp-content\/uploads\/2020\/11\/WhatsApp-Image-2020-11-25-at-17.35.25-4-e1643635696506-300x184.jpeg 300w, https:\/\/hotelfloaredecolt.ro\/wp-content\/uploads\/2020\/11\/WhatsApp-Image-2020-11-25-at-17.35.25-4-e1643635696506-768x472.jpeg 768w, https:\/\/hotelfloaredecolt.ro\/wp-content\/uploads\/2020\/11\/WhatsApp-Image-2020-11-25-at-17.35.25-4-e1643635696506.jpeg 1111w\" sizes=\"auto, (max-width: 1024px) 100vw, 1024px\" \/><\/figure><div class=\"wp-block-media-text__content\">\n<p class=\"has-vivid-green-cyan-color has-text-color has-medium-font-size\"><strong>Teras\u0103 exterioar\u0103 cu sezlong-uri &#8230; <\/strong><\/p>\n<\/div><\/div>\n\n\n\n<div class=\"wp-block-media-text alignwide is-vertically-aligned-center is-image-fill\" style=\"grid-template-columns:48% auto\"><figure class=\"wp-block-media-text__media\" style=\"background-image:url(https:\/\/hotelfloaredecolt.ro\/wp-content\/uploads\/2022\/01\/WhatsApp-Image-2022-01-21-at-15.40.03-1024x768.jpeg);background-position:27% 53%\"><img loading=\"lazy\" decoding=\"async\" width=\"1024\" height=\"768\" src=\"https:\/\/hotelfloaredecolt.ro\/wp-content\/uploads\/2022\/01\/WhatsApp-Image-2022-01-21-at-15.40.03-1024x768.jpeg\" alt=\"\" class=\"wp-image-858 size-full\" srcset=\"https:\/\/hotelfloaredecolt.ro\/wp-content\/uploads\/2022\/01\/WhatsApp-Image-2022-01-21-at-15.40.03-1024x768.jpeg 1024w, https:\/\/hotelfloaredecolt.ro\/wp-content\/uploads\/2022\/01\/WhatsApp-Image-2022-01-21-at-15.40.03-300x225.jpeg 300w, https:\/\/hotelfloaredecolt.ro\/wp-content\/uploads\/2022\/01\/WhatsApp-Image-2022-01-21-at-15.40.03-768x576.jpeg 768w, https:\/\/hotelfloaredecolt.ro\/wp-content\/uploads\/2022\/01\/WhatsApp-Image-2022-01-21-at-15.40.03-1536x1152.jpeg 1536w, https:\/\/hotelfloaredecolt.ro\/wp-content\/uploads\/2022\/01\/WhatsApp-Image-2022-01-21-at-15.40.03.jpeg 2048w\" sizes=\"auto, (max-width: 1024px) 100vw, 1024px\" \/><\/figure><div class=\"wp-block-media-text__content\">\n<p class=\"has-vivid-cyan-blue-color has-text-color has-medium-font-size\"><strong>&#8230; ciub\u0103r cu ap\u0103 incalzit\u0103 \u0219i saun\u0103.<\/strong><\/p>\n<\/div><\/div>\n\n\n\n<hr class=\"wp-block-separator has-text-color has-background has-vivid-cyan-blue-background-color has-vivid-cyan-blue-color is-style-default\"\/>\n\n\n\n<div class=\"wp-block-media-text alignwide has-media-on-the-right is-vertically-aligned-center is-image-fill\" style=\"grid-template-columns:auto 48%\"><figure class=\"wp-block-media-text__media\" style=\"background-image:url(https:\/\/hotelfloaredecolt.ro\/wp-content\/uploads\/2020\/11\/Foisor-mare-gratar-1024x505.jpeg);background-position:48% 50%\"><img loading=\"lazy\" decoding=\"async\" width=\"1024\" height=\"505\" src=\"https:\/\/hotelfloaredecolt.ro\/wp-content\/uploads\/2020\/11\/Foisor-mare-gratar-1024x505.jpeg\" alt=\"\" class=\"wp-image-639 size-full\" srcset=\"https:\/\/hotelfloaredecolt.ro\/wp-content\/uploads\/2020\/11\/Foisor-mare-gratar-1024x505.jpeg 1024w, https:\/\/hotelfloaredecolt.ro\/wp-content\/uploads\/2020\/11\/Foisor-mare-gratar-300x148.jpeg 300w, https:\/\/hotelfloaredecolt.ro\/wp-content\/uploads\/2020\/11\/Foisor-mare-gratar-768x378.jpeg 768w, https:\/\/hotelfloaredecolt.ro\/wp-content\/uploads\/2020\/11\/Foisor-mare-gratar-1536x757.jpeg 1536w, https:\/\/hotelfloaredecolt.ro\/wp-content\/uploads\/2020\/11\/Foisor-mare-gratar.jpeg 1599w\" sizes=\"auto, (max-width: 1024px) 100vw, 1024px\" \/><\/figure><div class=\"wp-block-media-text__content\">\n<p class=\"has-vivid-cyan-blue-color has-text-color has-medium-font-size\"><strong>Foisor mare cu gratar pe masura&#8230;<\/strong><\/p>\n<\/div><\/div>\n\n\n\n<div class=\"wp-block-media-text alignwide is-vertically-aligned-center is-image-fill\" style=\"grid-template-columns:48% auto\"><figure class=\"wp-block-media-text__media\" style=\"background-image:url(https:\/\/hotelfloaredecolt.ro\/wp-content\/uploads\/2020\/11\/Foisor-retras-e1606385682741-1024x502.jpeg);background-position:39% 55.00000000000001%\"><img loading=\"lazy\" decoding=\"async\" width=\"1024\" height=\"502\" src=\"https:\/\/hotelfloaredecolt.ro\/wp-content\/uploads\/2020\/11\/Foisor-retras-e1606385682741-1024x502.jpeg\" alt=\"\" class=\"wp-image-640 size-full\" srcset=\"https:\/\/hotelfloaredecolt.ro\/wp-content\/uploads\/2020\/11\/Foisor-retras-e1606385682741-1024x502.jpeg 1024w, https:\/\/hotelfloaredecolt.ro\/wp-content\/uploads\/2020\/11\/Foisor-retras-e1606385682741-300x147.jpeg 300w, https:\/\/hotelfloaredecolt.ro\/wp-content\/uploads\/2020\/11\/Foisor-retras-e1606385682741-768x376.jpeg 768w, https:\/\/hotelfloaredecolt.ro\/wp-content\/uploads\/2020\/11\/Foisor-retras-e1606385682741-1536x753.jpeg 1536w, https:\/\/hotelfloaredecolt.ro\/wp-content\/uploads\/2020\/11\/Foisor-retras-e1606385682741.jpeg 1600w\" sizes=\"auto, (max-width: 1024px) 100vw, 1024px\" \/><\/figure><div class=\"wp-block-media-text__content\">\n<p class=\"has-vivid-cyan-blue-color has-text-color has-medium-font-size\"><strong>&#8230;retras in mijlocul naturii.<\/strong><\/p>\n<\/div><\/div>\n\n\n\n<hr class=\"wp-block-separator has-text-color has-background has-vivid-cyan-blue-background-color has-vivid-cyan-blue-color is-style-default\"\/>\n\n\n\n<div class=\"wp-block-media-text alignwide has-media-on-the-right is-vertically-aligned-center is-image-fill\" style=\"grid-template-columns:auto 48%\"><figure class=\"wp-block-media-text__media\" style=\"background-image:url(https:\/\/hotelfloaredecolt.ro\/wp-content\/uploads\/2020\/11\/Terasa-de-vara-si-locul-de-joaca-1024x505.jpeg);background-position:38% 100%\"><img loading=\"lazy\" decoding=\"async\" width=\"1024\" height=\"505\" src=\"https:\/\/hotelfloaredecolt.ro\/wp-content\/uploads\/2020\/11\/Terasa-de-vara-si-locul-de-joaca-1024x505.jpeg\" alt=\"\" class=\"wp-image-648 size-full\" srcset=\"https:\/\/hotelfloaredecolt.ro\/wp-content\/uploads\/2020\/11\/Terasa-de-vara-si-locul-de-joaca-1024x505.jpeg 1024w, https:\/\/hotelfloaredecolt.ro\/wp-content\/uploads\/2020\/11\/Terasa-de-vara-si-locul-de-joaca-300x148.jpeg 300w, https:\/\/hotelfloaredecolt.ro\/wp-content\/uploads\/2020\/11\/Terasa-de-vara-si-locul-de-joaca-768x378.jpeg 768w, https:\/\/hotelfloaredecolt.ro\/wp-content\/uploads\/2020\/11\/Terasa-de-vara-si-locul-de-joaca-1536x757.jpeg 1536w, https:\/\/hotelfloaredecolt.ro\/wp-content\/uploads\/2020\/11\/Terasa-de-vara-si-locul-de-joaca.jpeg 1599w\" sizes=\"auto, (max-width: 1024px) 100vw, 1024px\" \/><\/figure><div class=\"wp-block-media-text__content\">\n<p class=\"has-vivid-green-cyan-color has-text-color has-medium-font-size\"><strong>Teras\u0103 acoperit\u0103, pentru a putea servii masa admir\u00e2nd priveli\u0219tea.<\/strong><\/p>\n<\/div><\/div>\n\n\n\n<div class=\"wp-block-media-text alignwide is-vertically-aligned-center is-image-fill\" style=\"grid-template-columns:48% auto\"><figure class=\"wp-block-media-text__media\" style=\"background-image:url(https:\/\/hotelfloaredecolt.ro\/wp-content\/uploads\/2020\/11\/WhatsApp-Image-2020-11-20-at-11.19.52-1-1-e1606385730385-1024x502.jpeg);background-position:70% 49%\"><img loading=\"lazy\" decoding=\"async\" width=\"1024\" height=\"502\" src=\"https:\/\/hotelfloaredecolt.ro\/wp-content\/uploads\/2020\/11\/WhatsApp-Image-2020-11-20-at-11.19.52-1-1-e1606385730385-1024x502.jpeg\" alt=\"\" class=\"wp-image-540 size-full\" srcset=\"https:\/\/hotelfloaredecolt.ro\/wp-content\/uploads\/2020\/11\/WhatsApp-Image-2020-11-20-at-11.19.52-1-1-e1606385730385-1024x502.jpeg 1024w, https:\/\/hotelfloaredecolt.ro\/wp-content\/uploads\/2020\/11\/WhatsApp-Image-2020-11-20-at-11.19.52-1-1-e1606385730385-300x147.jpeg 300w, https:\/\/hotelfloaredecolt.ro\/wp-content\/uploads\/2020\/11\/WhatsApp-Image-2020-11-20-at-11.19.52-1-1-e1606385730385-768x376.jpeg 768w, https:\/\/hotelfloaredecolt.ro\/wp-content\/uploads\/2020\/11\/WhatsApp-Image-2020-11-20-at-11.19.52-1-1-e1606385730385-1536x753.jpeg 1536w, https:\/\/hotelfloaredecolt.ro\/wp-content\/uploads\/2020\/11\/WhatsApp-Image-2020-11-20-at-11.19.52-1-1-e1606385730385.jpeg 1600w\" sizes=\"auto, (max-width: 1024px) 100vw, 1024px\" \/><\/figure><div class=\"wp-block-media-text__content\">\n<p class=\"has-vivid-green-cyan-color has-text-color has-medium-font-size\"><strong>\u0218i restaurant rustic, la interior, pentru a servii o murat\u0103 \u00een lini\u0219te. <\/strong><\/p>\n<\/div><\/div>\n\n\n\n<hr class=\"wp-block-separator has-text-color has-background has-vivid-cyan-blue-background-color has-vivid-cyan-blue-color is-style-default\"\/>\n\n\n\n<div class=\"wp-block-media-text alignwide has-media-on-the-right is-vertically-aligned-center is-image-fill\" style=\"grid-template-columns:auto 48%\"><figure class=\"wp-block-media-text__media\" style=\"background-image:url(https:\/\/hotelfloaredecolt.ro\/wp-content\/uploads\/2020\/11\/Tiroliana-e1606385751864-1024x502.jpeg);background-position:93% 16%\"><img loading=\"lazy\" decoding=\"async\" width=\"1024\" height=\"502\" src=\"https:\/\/hotelfloaredecolt.ro\/wp-content\/uploads\/2020\/11\/Tiroliana-e1606385751864-1024x502.jpeg\" alt=\"\" class=\"wp-image-658 size-full\" srcset=\"https:\/\/hotelfloaredecolt.ro\/wp-content\/uploads\/2020\/11\/Tiroliana-e1606385751864-1024x502.jpeg 1024w, https:\/\/hotelfloaredecolt.ro\/wp-content\/uploads\/2020\/11\/Tiroliana-e1606385751864-300x147.jpeg 300w, https:\/\/hotelfloaredecolt.ro\/wp-content\/uploads\/2020\/11\/Tiroliana-e1606385751864-768x376.jpeg 768w, https:\/\/hotelfloaredecolt.ro\/wp-content\/uploads\/2020\/11\/Tiroliana-e1606385751864-1536x753.jpeg 1536w, https:\/\/hotelfloaredecolt.ro\/wp-content\/uploads\/2020\/11\/Tiroliana-e1606385751864.jpeg 1600w\" sizes=\"auto, (max-width: 1024px) 100vw, 1024px\" \/><\/figure><div class=\"wp-block-media-text__content\">\n<p class=\"has-vivid-cyan-blue-color has-text-color has-medium-font-size\"><strong>Tiroliaaan\u0103!<\/strong><\/p>\n<\/div><\/div>\n\n\n\n<hr class=\"wp-block-separator has-text-color has-background has-vivid-cyan-blue-background-color has-vivid-cyan-blue-color is-style-default\"\/>\n\n\n\n<div class=\"wp-block-media-text alignwide is-vertically-aligned-center is-image-fill\" style=\"grid-template-columns:48% auto\"><figure class=\"wp-block-media-text__media\" style=\"background-image:url(https:\/\/hotelfloaredecolt.ro\/wp-content\/uploads\/2020\/11\/Leagane-e1606385802681-1024x502.jpeg);background-position:55.00000000000001% 79%\"><img loading=\"lazy\" decoding=\"async\" width=\"1024\" height=\"502\" src=\"https:\/\/hotelfloaredecolt.ro\/wp-content\/uploads\/2020\/11\/Leagane-e1606385802681-1024x502.jpeg\" alt=\"\" class=\"wp-image-646 size-full\" srcset=\"https:\/\/hotelfloaredecolt.ro\/wp-content\/uploads\/2020\/11\/Leagane-e1606385802681-1024x502.jpeg 1024w, https:\/\/hotelfloaredecolt.ro\/wp-content\/uploads\/2020\/11\/Leagane-e1606385802681-300x147.jpeg 300w, https:\/\/hotelfloaredecolt.ro\/wp-content\/uploads\/2020\/11\/Leagane-e1606385802681-768x376.jpeg 768w, https:\/\/hotelfloaredecolt.ro\/wp-content\/uploads\/2020\/11\/Leagane-e1606385802681-1536x753.jpeg 1536w, https:\/\/hotelfloaredecolt.ro\/wp-content\/uploads\/2020\/11\/Leagane-e1606385802681.jpeg 1600w\" sizes=\"auto, (max-width: 1024px) 100vw, 1024px\" \/><\/figure><div class=\"wp-block-media-text__content\">\n<p class=\"has-vivid-green-cyan-color has-text-color has-medium-font-size\"><strong>Leag\u0103ne mari pentru relaxare pe m\u0103sur\u0103.<\/strong><\/p>\n<\/div><\/div>\n\n\n\n<hr class=\"wp-block-separator has-text-color has-background has-vivid-cyan-blue-background-color has-vivid-cyan-blue-color is-style-default\"\/>\n\n\n\n<div class=\"wp-block-media-text alignwide has-media-on-the-right is-vertically-aligned-center is-image-fill\" style=\"grid-template-columns:auto 48%\"><figure class=\"wp-block-media-text__media\" style=\"background-image:url(https:\/\/hotelfloaredecolt.ro\/wp-content\/uploads\/2020\/11\/Foisor-mic-cu-gratar-1024x505.jpeg);background-position:22% 44%\"><img loading=\"lazy\" decoding=\"async\" width=\"1024\" height=\"505\" src=\"https:\/\/hotelfloaredecolt.ro\/wp-content\/uploads\/2020\/11\/Foisor-mic-cu-gratar-1024x505.jpeg\" alt=\"\" class=\"wp-image-643 size-full\" srcset=\"https:\/\/hotelfloaredecolt.ro\/wp-content\/uploads\/2020\/11\/Foisor-mic-cu-gratar-1024x505.jpeg 1024w, https:\/\/hotelfloaredecolt.ro\/wp-content\/uploads\/2020\/11\/Foisor-mic-cu-gratar-300x148.jpeg 300w, https:\/\/hotelfloaredecolt.ro\/wp-content\/uploads\/2020\/11\/Foisor-mic-cu-gratar-768x378.jpeg 768w, https:\/\/hotelfloaredecolt.ro\/wp-content\/uploads\/2020\/11\/Foisor-mic-cu-gratar-1536x757.jpeg 1536w, https:\/\/hotelfloaredecolt.ro\/wp-content\/uploads\/2020\/11\/Foisor-mic-cu-gratar.jpeg 1599w\" sizes=\"auto, (max-width: 1024px) 100vw, 1024px\" \/><\/figure><div class=\"wp-block-media-text__content\">\n<p class=\"has-vivid-cyan-blue-color has-text-color has-medium-font-size\"><strong>Foisor mic cu leag\u0103n \u0219i gr\u0103tar.<\/strong><\/p>\n<\/div><\/div>\n\n\n\n<hr class=\"wp-block-separator has-text-color has-background has-vivid-cyan-blue-background-color has-vivid-cyan-blue-color is-style-default\"\/>\n\n\n\n<div class=\"wp-block-media-text alignwide is-vertically-aligned-center is-image-fill\" style=\"grid-template-columns:46% auto\"><figure class=\"wp-block-media-text__media\" style=\"background-image:url(https:\/\/hotelfloaredecolt.ro\/wp-content\/uploads\/2020\/11\/Foc-de-tabara-e1606385821427-1024x501.jpeg);background-position:88% 44%\"><img loading=\"lazy\" decoding=\"async\" width=\"1024\" height=\"501\" src=\"https:\/\/hotelfloaredecolt.ro\/wp-content\/uploads\/2020\/11\/Foc-de-tabara-e1606385821427-1024x501.jpeg\" alt=\"\" class=\"wp-image-651 size-full\" srcset=\"https:\/\/hotelfloaredecolt.ro\/wp-content\/uploads\/2020\/11\/Foc-de-tabara-e1606385821427-1024x501.jpeg 1024w, https:\/\/hotelfloaredecolt.ro\/wp-content\/uploads\/2020\/11\/Foc-de-tabara-e1606385821427-300x147.jpeg 300w, https:\/\/hotelfloaredecolt.ro\/wp-content\/uploads\/2020\/11\/Foc-de-tabara-e1606385821427-768x376.jpeg 768w, https:\/\/hotelfloaredecolt.ro\/wp-content\/uploads\/2020\/11\/Foc-de-tabara-e1606385821427-1536x752.jpeg 1536w, https:\/\/hotelfloaredecolt.ro\/wp-content\/uploads\/2020\/11\/Foc-de-tabara-e1606385821427.jpeg 1599w\" sizes=\"auto, (max-width: 1024px) 100vw, 1024px\" \/><\/figure><div class=\"wp-block-media-text__content\">\n<p class=\"has-vivid-green-cyan-color has-text-color has-medium-font-size\"><strong>Posibilitatea de a organiza un splendid foc de tab\u0103r\u0103<\/strong><\/p>\n<\/div><\/div>\n\n\n\n<hr class=\"wp-block-separator has-text-color has-background has-vivid-cyan-blue-background-color has-vivid-cyan-blue-color is-style-default\"\/>\n\n\n\n<div class=\"wp-block-media-text alignwide has-media-on-the-right is-vertically-aligned-center is-image-fill\" style=\"grid-template-columns:auto 48%\"><figure class=\"wp-block-media-text__media\" style=\"background-image:url(https:\/\/hotelfloaredecolt.ro\/wp-content\/uploads\/2020\/11\/Biliard-1024x505.jpeg);background-position:50% 50%\"><img loading=\"lazy\" decoding=\"async\" width=\"1024\" height=\"505\" src=\"https:\/\/hotelfloaredecolt.ro\/wp-content\/uploads\/2020\/11\/Biliard-1024x505.jpeg\" alt=\"\" class=\"wp-image-637 size-full\" srcset=\"https:\/\/hotelfloaredecolt.ro\/wp-content\/uploads\/2020\/11\/Biliard-1024x505.jpeg 1024w, https:\/\/hotelfloaredecolt.ro\/wp-content\/uploads\/2020\/11\/Biliard-300x148.jpeg 300w, https:\/\/hotelfloaredecolt.ro\/wp-content\/uploads\/2020\/11\/Biliard-768x378.jpeg 768w, https:\/\/hotelfloaredecolt.ro\/wp-content\/uploads\/2020\/11\/Biliard-1536x757.jpeg 1536w, https:\/\/hotelfloaredecolt.ro\/wp-content\/uploads\/2020\/11\/Biliard.jpeg 1599w\" sizes=\"auto, (max-width: 1024px) 100vw, 1024px\" \/><\/figure><div class=\"wp-block-media-text__content\">\n<p class=\"has-vivid-cyan-blue-color has-text-color has-medium-font-size\"><strong>Sal\u0103 de jocuri cu biliard, darts, jocuri de societate, etc.<\/strong><\/p>\n<\/div><\/div>\n\n\n\n<hr class=\"wp-block-separator has-text-color has-background has-vivid-cyan-blue-background-color has-vivid-cyan-blue-color is-style-default\"\/>\n\n\n\n<blockquote class=\"wp-block-quote is-layout-flow wp-block-quote-is-layout-flow\"><p>Loc de joaca pentru copii<\/p><p>Sala cu XBoX-uri<\/p><p>Parcare<\/p><p>Teren de sport<\/p><p>Masa de Ping pong<\/p><p>Etc, etc, etc&#8230;<\/p><\/blockquote>\n","protected":false},"excerpt":{"rendered":"<p>Priveli\u0219te ce \u00ee\u021bi taie r\u0103suflarea, at\u00e2t vara&#8230; &#8230;c\u00eet \u0219i iarna. Teras\u0103 exterioar\u0103 cu sezlong-uri &#8230; &#8230; ciub\u0103r cu ap\u0103 incalzit\u0103 \u0219i saun\u0103. Foisor mare cu gratar pe masura&#8230; &#8230;retras in mijlocul naturii. Teras\u0103 acoperit\u0103, pentru &#8230;<\/p>\n","protected":false},"author":1,"featured_media":0,"parent":0,"menu_order":0,"comment_status":"closed","ping_status":"closed","template":"","meta":{"om_disable_all_campaigns":false,"_monsterinsights_skip_tracking":false,"_monsterinsights_sitenote_active":false,"_monsterinsights_sitenote_note":"","_monsterinsights_sitenote_category":0,"footnotes":""},"class_list":["post-636","page","type-page","status-publish","hentry"],"aioseo_notices":[],"_links":{"self":[{"href":"https:\/\/hotelfloaredecolt.ro\/index.php\/wp-json\/wp\/v2\/pages\/636","targetHints":{"allow":["GET"]}}],"collection":[{"href":"https:\/\/hotelfloaredecolt.ro\/index.php\/wp-json\/wp\/v2\/pages"}],"about":[{"href":"https:\/\/hotelfloaredecolt.ro\/index.php\/wp-json\/wp\/v2\/types\/page"}],"author":[{"embeddable":true,"href":"https:\/\/hotelfloaredecolt.ro\/index.php\/wp-json\/wp\/v2\/users\/1"}],"replies":[{"embeddable":true,"href":"https:\/\/hotelfloaredecolt.ro\/index.php\/wp-json\/wp\/v2\/comments?post=636"}],"version-history":[{"count":21,"href":"https:\/\/hotelfloaredecolt.ro\/index.php\/wp-json\/wp\/v2\/pages\/636\/revisions"}],"predecessor-version":[{"id":869,"href":"https:\/\/hotelfloaredecolt.ro\/index.php\/wp-json\/wp\/v2\/pages\/636\/revisions\/869"}],"wp:attachment":[{"href":"https:\/\/hotelfloaredecolt.ro\/index.php\/wp-json\/wp\/v2\/media?parent=636"}],"curies":[{"name":"wp","href":"https:\/\/api.w.org\/{rel}","templated":true}]}}