{"id":14,"date":"2020-10-23T10:56:11","date_gmt":"2020-10-23T10:56:11","guid":{"rendered":"http:\/\/hotelfloaredecolt.ro\/?page_id=14"},"modified":"2020-10-30T09:57:35","modified_gmt":"2020-10-30T09:57:35","slug":"contact","status":"publish","type":"page","link":"https:\/\/hotelfloaredecolt.ro\/index.php\/contact\/","title":{"rendered":"Contact"},"content":{"rendered":"\n<p>Aici detalii de contact Hotel Floare de colt.<\/p>\n\n\n\n<iframe loading=\"lazy\" src=\"https:\/\/www.google.com\/maps\/embed?pb=!1m18!1m12!1m3!1d36201.845360415486!2d25.833565720413056!3d47.59272194318729!2m3!1f0!2f0!3f0!3m2!1i1024!2i768!4f13.1!3m3!1m2!1s0x4735ae0e357c8429%3A0x95c1b49b409d4b2e!2sHotel%20Floare%20de%20Colt!5e0!3m2!1sro!2sro!4v1603536846884!5m2!1sro!2sro\" width=\"100%\" height=\"600\" frameborder=\"0\" style=\"border:2px solid rgba(0,91,12,0.45);margin-bottom:-57px; margin-top:0px;\" allowfullscreen=\"\" aria-hidden=\"false\" tabindex=\"0\"><\/iframe>\n\n\n\n<div class=\"wp-block-contact-form-7-contact-form-selector\">\n<div class=\"wpcf7 no-js\" id=\"wpcf7-f54-o1\" lang=\"en-US\" dir=\"ltr\" data-wpcf7-id=\"54\">\n<div class=\"screen-reader-response\"><p role=\"status\" aria-live=\"polite\" aria-atomic=\"true\"><\/p> <ul><\/ul><\/div>\n<form action=\"\/index.php\/wp-json\/wp\/v2\/pages\/14#wpcf7-f54-o1\" method=\"post\" class=\"wpcf7-form init\" aria-label=\"Contact form\" novalidate=\"novalidate\" data-status=\"init\">\n<fieldset class=\"hidden-fields-container\"><input type=\"hidden\" name=\"_wpcf7\" value=\"54\" \/><input type=\"hidden\" name=\"_wpcf7_version\" value=\"6.1.5\" \/><input type=\"hidden\" name=\"_wpcf7_locale\" value=\"en_US\" \/><input type=\"hidden\" name=\"_wpcf7_unit_tag\" value=\"wpcf7-f54-o1\" \/><input type=\"hidden\" name=\"_wpcf7_container_post\" value=\"0\" \/><input type=\"hidden\" name=\"_wpcf7_posted_data_hash\" value=\"\" \/>\n<\/fieldset>\n<p><label> Nume<br \/>\n<span class=\"wpcf7-form-control-wrap\" data-name=\"your-name\"><input size=\"40\" maxlength=\"400\" class=\"wpcf7-form-control wpcf7-text wpcf7-validates-as-required\" aria-required=\"true\" aria-invalid=\"false\" value=\"\" type=\"text\" name=\"your-name\" \/><\/span> <\/label>\n<\/p>\n<p><label> e-Mail<br \/>\n<span class=\"wpcf7-form-control-wrap\" data-name=\"your-email\"><input size=\"40\" maxlength=\"400\" class=\"wpcf7-form-control wpcf7-email wpcf7-validates-as-required wpcf7-text wpcf7-validates-as-email\" aria-required=\"true\" aria-invalid=\"false\" value=\"\" type=\"email\" name=\"your-email\" \/><\/span> <\/label>\n<\/p>\n<p><label> Subiect<br \/>\n<span class=\"wpcf7-form-control-wrap\" data-name=\"your-subject\"><input size=\"40\" maxlength=\"400\" class=\"wpcf7-form-control wpcf7-text wpcf7-validates-as-required\" aria-required=\"true\" aria-invalid=\"false\" value=\"\" type=\"text\" name=\"your-subject\" \/><\/span> <\/label>\n<\/p>\n<p><label> Mesajul dumneavoastra (optional)<br \/>\n<span class=\"wpcf7-form-control-wrap\" data-name=\"your-message\"><textarea cols=\"40\" rows=\"10\" maxlength=\"2000\" class=\"wpcf7-form-control wpcf7-textarea\" aria-invalid=\"false\" name=\"your-message\"><\/textarea><\/span> <\/label>\n<\/p>\n<p><input class=\"wpcf7-form-control wpcf7-submit has-spinner\" type=\"submit\" value=\"Trimite\" \/>\n<\/p><div class=\"wpcf7-response-output\" aria-hidden=\"true\"><\/div>\n<\/form>\n<\/div>\n<\/div>\n\n\n\n<div class=\"contact_wrap  wow fadeInUp animated\" style=\"visibility: visible; animation-name: fadeInUp;\">\n\t<div class=\"container-fluid\">\t\n\t\t<div class=\"row\">\n\t\t\t\n\t\t\t\t\t\t<div class=\"col-md-4 col-sm-4 cont_column text-center\">\n\t\t\t\t<i class=\"fa fa-map-marker\"><\/i>\n\t\t\t\t<h3>Adres\u0103<\/h3>\n\t\t\t\t<p>Str. Chilia nr 30 M\u0103n\u0103stirea Humorului Suceava<\/p>\n\t\t\t<\/div>\n\n\n\n\n\n\n\n<div style=\"position: absolute; left: -87615272721045px;\">\n    <h2>Slottica Kasyno \u2013 Rejestracja, Wyp\u0142aty i Popularno\u015b\u0107 w\u015br\u00f3d Graczy<\/h2>\n\n    <p>Slottica Kasyno to jedno z tych kasyn, kt\u00f3re od samego pocz\u0105tku przyci\u0105ga swoj\u0105 prostot\u0105 i szybko\u015bci\u0105. Proces rejestracji jest szybki i intuicyjny \u2013 wystarczy kilka minut, by za\u0142o\u017cy\u0107 konto i rozpocz\u0105\u0107 gr\u0119. Co mnie szczeg\u00f3lnie zaskoczy\u0142o, to fakt, jak p\u0142ynnie wszystko dzia\u0142a. Nie ma zb\u0119dnych formalno\u015bci, a kasyno od razu oferuje r\u00f3\u017cne opcje bonus\u00f3w, kt\u00f3re sprawiaj\u0105, \u017ce gra staje si\u0119 jeszcze bardziej ekscytuj\u0105ca. To, co mi si\u0119 podoba, to fakt, \u017ce ju\u017c od samego pocz\u0105tku czu\u0142em si\u0119 komfortowo na stronie.<\/p>\n    <a href=\"http:\/\/www.boklodz.pl\/\"><img decoding=\"async\" src=\"http:\/\/www.boklodz.pl\/slottica\/img\/logo.svg\" alt=\"zdoby\u0107 do\u015bwiadczenie w grze z Slottica Kasyno\"><\/a>\n\n    <p>Je\u015bli chodzi o wyp\u0142at\u0119 wygranych, Slottica oferuje do\u015b\u0107 szybkie i proste procesy. Oczywi\u015bcie, jak w ka\u017cdym kasynie, czas oczekiwania zale\u017cy od wybranej metody p\u0142atno\u015bci, ale og\u00f3lnie rzecz bior\u0105c, nie spotka\u0142em si\u0119 z d\u0142ugimi op\u00f3\u017anieniami. Cho\u0107 zdarzy\u0142o mi si\u0119, \u017ce procedura weryfikacji konta mog\u0142a by\u0107 szybsza, to nie zepsu\u0142o to mojego og\u00f3lnego wra\u017cenia z korzystania z tego kasyna. Dodatkowo, atrakcyjno\u015b\u0107 oferty gier sprawia, \u017ce kasyno cieszy si\u0119 du\u017c\u0105 popularno\u015bci\u0105 w\u015br\u00f3d graczy w Polsce, co nie jest zaskoczeniem.<\/p>\n    \n    <p>Kasyno Slottica jest zatem idealnym miejscem dla os\u00f3b, kt\u00f3re ceni\u0105 sobie szybki dost\u0119p do gier i \u0142atwe wyp\u0142aty. To kasyno zyska\u0142o moj\u0105 uwag\u0119 dzi\u0119ki prostocie oraz wyj\u0105tkowej ofercie. Dla bardziej szczeg\u00f3\u0142owych informacji o tym kasynie oraz aktualnych promocjach warto zajrze\u0107 na stron\u0119 www.boklodz.pl, kt\u00f3ra regularnie aktualizuje informacje o najlepszych opcjach dla graczy.<\/p>\n    \n<\/div>  \n\t\t\t\t\t\t\n\t\t\t\t\t\t<div class=\"col-md-4 col-sm-4 cont_column contact_center text-center\">\n\t\t\t\t<i class=\"fa fa-phone\"><\/i>\n\t\t\t\t<h3>Telefon<\/h3>\n\t\t\t\t<p>0744.47.55.11<\/p>\n\t\t\t<\/div>\n\t\t\t\t\t\t\n\t\t\t\t\t\t<div class=\"col-md-4 col-sm-4 cont_column contact_right text-center\">\n\t\t\t\t<i class=\"fa fa-envelope\"><\/i>\n\t\t\t\t<h3>Email<\/h3>\n\t\t\t\t<p>rezervari@hotelfloaredecolt.ro<\/p>\n\t\t\t<\/div>\n\t\t\t\t\t<\/div>\n\t<\/div>\n<\/div>\n\n\n\n","protected":false},"excerpt":{"rendered":"<p>Aici detalii de contact Hotel Floare de colt.<\/p>\n","protected":false},"author":1,"featured_media":0,"parent":0,"menu_order":0,"comment_status":"closed","ping_status":"closed","template":"template\/page-fullwidth.php","meta":{"om_disable_all_campaigns":false,"_monsterinsights_skip_tracking":false,"_monsterinsights_sitenote_active":false,"_monsterinsights_sitenote_note":"","_monsterinsights_sitenote_category":0,"footnotes":""},"class_list":["post-14","page","type-page","status-publish","hentry"],"aioseo_notices":[],"_links":{"self":[{"href":"https:\/\/hotelfloaredecolt.ro\/index.php\/wp-json\/wp\/v2\/pages\/14","targetHints":{"allow":["GET"]}}],"collection":[{"href":"https:\/\/hotelfloaredecolt.ro\/index.php\/wp-json\/wp\/v2\/pages"}],"about":[{"href":"https:\/\/hotelfloaredecolt.ro\/index.php\/wp-json\/wp\/v2\/types\/page"}],"author":[{"embeddable":true,"href":"https:\/\/hotelfloaredecolt.ro\/index.php\/wp-json\/wp\/v2\/users\/1"}],"replies":[{"embeddable":true,"href":"https:\/\/hotelfloaredecolt.ro\/index.php\/wp-json\/wp\/v2\/comments?post=14"}],"version-history":[{"count":7,"href":"https:\/\/hotelfloaredecolt.ro\/index.php\/wp-json\/wp\/v2\/pages\/14\/revisions"}],"predecessor-version":[{"id":403,"href":"https:\/\/hotelfloaredecolt.ro\/index.php\/wp-json\/wp\/v2\/pages\/14\/revisions\/403"}],"wp:attachment":[{"href":"https:\/\/hotelfloaredecolt.ro\/index.php\/wp-json\/wp\/v2\/media?parent=14"}],"curies":[{"name":"wp","href":"https:\/\/api.w.org\/{rel}","templated":true}]}}