{"id":130,"date":"2020-10-24T22:18:29","date_gmt":"2020-10-24T22:18:29","guid":{"rendered":"http:\/\/hotelfloaredecolt.ro\/?page_id=130"},"modified":"2020-11-20T09:29:49","modified_gmt":"2020-11-20T09:29:49","slug":"prezentare","status":"publish","type":"page","link":"https:\/\/hotelfloaredecolt.ro\/index.php\/prezentare\/","title":{"rendered":"Prezentare Restaurant"},"content":{"rendered":"\n<p class=\"has-text-align-center\">\u0218tim cu to\u021bii c\u0103 o parte din farmecul Bucovinei este dat \u0219i de tradi\u021biile culinare \u0219i pentru asta noi v\u0103 invit\u0103m s\u0103 degusta\u021bi bucate alese \u0219i atent preparate \u00een Restaurantul Hotelului Floare de Col\u021b.<br>Cu o capacitate de 60 locuri, restaurantul se diferen\u021biaz\u0103 prin ambientul tradi\u021bional specific zonei \u0219i preparatele tradi\u021bionale din buc\u0103t\u0103ria bucovinean\u0103 preparate dup\u0103 re\u021bete bine cunoscute.<br>De asemenea, la cerere, se pot organiza \u00een incinta restaurantului at\u00e2t conferin\u021be, teambuilding-uri, anivers\u0103ri, nun\u021bi sau botezuri.<br>Iar \u00een cazul \u00een care nu ne po\u021bi vizita, punem la dispozi\u021bie \u0219i serviciile de catering \u0219i delivery ca tu s\u0103 te po\u021bi bucura de m\u00e2ncarea noastr\u0103 oriunde te-ai afla!<\/p>\n\n\n\n<div class=\"wp-block-buttons aligncenter is-layout-flex wp-block-buttons-is-layout-flex\">\n<div class=\"wp-block-button is-style-outline is-style-outline--1\"><a class=\"wp-block-button__link has-background\" href=\"https:\/\/hotelfloaredecolt.ro\/index.php\/meniu\/\" style=\"background-color:#85d13d\">Vezi Meniul<\/a><\/div>\n\n\n\n<div class=\"wp-block-button is-style-outline is-style-outline--2\"><a class=\"wp-block-button__link has-background\" href=\"https:\/\/hotelfloaredecolt.ro\/index.php\/catering\/\" style=\"background-color:#85d13d\">Servicii Catering<\/a><\/div>\n<\/div>\n\n\n\n<style type=\"text\/css\" scoped>.rbs_gallery_69e1a4efb9330Spinner{\r\n\t\t\t\tmargin: 50px auto;\r\n\t\t\t\twidth: 50px;\r\n\t\t\t\theight: 40px;\r\n\t\t\t\ttext-align: center;\r\n\t\t\t\tfont-size: 10px;\r\n\t\t\t}\r\n\t\t\t.rbs_gallery_69e1a4efb9330Spinner > div{\r\n\t\t\t  background-color: #333;\r\n\t\t\t  height: 100%;\r\n\t\t\t  width: 6px;\r\n\t\t\t  display: inline-block;\r\n\t\t\t  -webkit-animation: rbs_gallery_69e1a4efb9330-stretchdelay 1.2s infinite ease-in-out;\r\n\t\t\t  animation: rbs_gallery_69e1a4efb9330-stretchdelay 1.2s infinite ease-in-out;\r\n\t\t\t}\r\n\t\t\t.rbs_gallery_69e1a4efb9330Spinner .rbs_gallery_69e1a4efb9330Rect2 {\r\n\t\t\t  -webkit-animation-delay: -1.1s;\r\n\t\t\t  animation-delay: -1.1s;\r\n\t\t\t}\r\n\t\t\t.rbs_gallery_69e1a4efb9330Spinner .rbs_gallery_69e1a4efb9330Rect3 {\r\n\t\t\t  -webkit-animation-delay: -1.0s;\r\n\t\t\t  animation-delay: -1.0s;\r\n\t\t\t}\r\n\t\t\t.rbs_gallery_69e1a4efb9330Spinner .rbs_gallery_69e1a4efb9330Rect4 {\r\n\t\t\t  -webkit-animation-delay: -0.9s;\r\n\t\t\t  animation-delay: -0.9s;\r\n\t\t\t}\r\n\t\t\t.rbs_gallery_69e1a4efb9330Spinner .rbs_gallery_69e1a4efb9330Rect5 {\r\n\t\t\t  -webkit-animation-delay: -0.8s;\r\n\t\t\t  animation-delay: -0.8s;\r\n\t\t\t}\r\n\t\t\t@-webkit-keyframes rbs_gallery_69e1a4efb9330-stretchdelay {\r\n\t\t\t  0%, 40%, 100% { -webkit-transform: scaleY(0.4) }  \r\n\t\t\t  20% { -webkit-transform: scaleY(1.0) }\r\n\t\t\t}\r\n\t\t\t@keyframes rbs_gallery_69e1a4efb9330-stretchdelay {\r\n\t\t\t  0%, 40%, 100% { \r\n\t\t\t    transform: scaleY(0.4);\r\n\t\t\t    -webkit-transform: scaleY(0.4);\r\n\t\t\t  }  20% { \r\n\t\t\t    transform: scaleY(1.0);\r\n\t\t\t    -webkit-transform: scaleY(1.0);\r\n\t\t\t  }\r\n\t\t\t}\r\n\t\t<\/style><div class=\"robo-gallery-wrap robo-gallery-wrap-id457 robo-gallery-\" ><div id=\"rbs_gallery_69e1a4efb9330-block-loader\" class=\"rbs_gallery_69e1a4efb9330Spinner\"><div class=\"rbs_gallery_69e1a4efb9330Rect1\"><\/div> <div class=\"rbs_gallery_69e1a4efb9330Rect2\"><\/div> <div class=\"rbs_gallery_69e1a4efb9330Rect3\"><\/div> <div class=\"rbs_gallery_69e1a4efb9330Rect4\"><\/div> <div class=\"rbs_gallery_69e1a4efb9330Rect5\"><\/div><\/div><div class=\"rbs_gallery_button  rbs_gallery_align_left\" id=\"rbs_gallery_69e1a4efb9330filter\" style=\" display: none;\" ><\/div><div id=\"robo_gallery_main_block_rbs_gallery_69e1a4efb9330\" class=\"robogallery-gallery-457\" style=\"width:100%;margin:0 auto;  display: none;\"><div id=\"rbs_gallery_69e1a4efb9330\" data-options=\"rbs_gallery_69e1a4efb9330\" style=\"width:100%;\" class=\"robo_gallery  \"><div class=\"rbs-img  category457 \" ><div class=\"rbs-img-image   rbs-lightbox \" ><div class=\"rbs-img-thumbs\"  data-thumbnail=\"https:\/\/hotelfloaredecolt.ro\/wp-content\/uploads\/2020\/10\/WhatsApp-Image-2020-10-30-at-11.46.01-300x225.jpeg\"  title=\"Laterala Restaurant Vechi\"  data-width=\"300\"  data-height=\"225\" ><\/div><div class=\"rbs-img-data-popup\"  data-popup=\"https:\/\/hotelfloaredecolt.ro\/wp-content\/uploads\/2020\/10\/WhatsApp-Image-2020-10-30-at-11.46.01.jpeg\"  title=\"Laterala Restaurant Vechi\" ><\/div><div class=\"thumbnail-overlay\"><div class=\"rbsIcons\"><i class=\"fa fa-search-plus rbsZoomIcon \" ><\/i><\/div><\/div><\/div><\/div><div class=\"rbs-img  category457 \" ><div class=\"rbs-img-image   rbs-lightbox \" ><div class=\"rbs-img-thumbs\"  data-thumbnail=\"https:\/\/hotelfloaredecolt.ro\/wp-content\/uploads\/2022\/12\/WhatsApp-Image-2022-12-12-at-10.40.18-AM-300x225.jpeg\"  title=\"Interior vedere de ansamblu\"  data-width=\"300\"  data-height=\"225\" ><\/div><div class=\"rbs-img-data-popup\"  data-popup=\"https:\/\/hotelfloaredecolt.ro\/wp-content\/uploads\/2022\/12\/WhatsApp-Image-2022-12-12-at-10.40.18-AM.jpeg\"  title=\"Interior vedere de ansamblu\" ><\/div><div class=\"thumbnail-overlay\"><div class=\"rbsIcons\"><i class=\"fa fa-search-plus rbsZoomIcon \" ><\/i><\/div><\/div><\/div><\/div><div class=\"rbs-img  category457 \" ><div class=\"rbs-img-image   rbs-lightbox \" ><div class=\"rbs-img-thumbs\"  data-thumbnail=\"https:\/\/hotelfloaredecolt.ro\/wp-content\/uploads\/2022\/12\/WhatsApp-Image-2022-12-12-at-10.40.14-AM-300x225.jpeg\"  title=\"Interior MD\"  data-width=\"300\"  data-height=\"225\" ><\/div><div class=\"rbs-img-data-popup\"  data-popup=\"https:\/\/hotelfloaredecolt.ro\/wp-content\/uploads\/2022\/12\/WhatsApp-Image-2022-12-12-at-10.40.14-AM.jpeg\"  title=\"Interior MD\" ><\/div><div class=\"thumbnail-overlay\"><div class=\"rbsIcons\"><i class=\"fa fa-search-plus rbsZoomIcon \" ><\/i><\/div><\/div><\/div><\/div><div class=\"rbs-img  category457 \" ><div class=\"rbs-img-image   rbs-lightbox \" ><div class=\"rbs-img-thumbs\"  data-thumbnail=\"https:\/\/hotelfloaredecolt.ro\/wp-content\/uploads\/2022\/12\/WhatsApp-Image-2022-12-12-at-10.40.17-AM-1-300x225.jpeg\"  title=\"Interior MD\"  data-width=\"300\"  data-height=\"225\" ><\/div><div class=\"rbs-img-data-popup\"  data-popup=\"https:\/\/hotelfloaredecolt.ro\/wp-content\/uploads\/2022\/12\/WhatsApp-Image-2022-12-12-at-10.40.17-AM-1.jpeg\"  title=\"Interior MD\" ><\/div><div class=\"thumbnail-overlay\"><div class=\"rbsIcons\"><i class=\"fa fa-search-plus rbsZoomIcon \" ><\/i><\/div><\/div><\/div><\/div><div class=\"rbs-img  category457 \" ><div class=\"rbs-img-image   rbs-lightbox \" ><div class=\"rbs-img-thumbs\"  data-thumbnail=\"https:\/\/hotelfloaredecolt.ro\/wp-content\/uploads\/2022\/12\/WhatsApp-Image-2022-12-12-at-10.40.15-AM-225x300.jpeg\"  title=\"Interior MD\"  data-width=\"225\"  data-height=\"300\" ><\/div><div class=\"rbs-img-data-popup\"  data-popup=\"https:\/\/hotelfloaredecolt.ro\/wp-content\/uploads\/2022\/12\/WhatsApp-Image-2022-12-12-at-10.40.15-AM.jpeg\"  title=\"Interior MD\" ><\/div><div class=\"thumbnail-overlay\"><div class=\"rbsIcons\"><i class=\"fa fa-search-plus rbsZoomIcon \" ><\/i><\/div><\/div><\/div><\/div><div class=\"rbs-img  category457 \" ><div class=\"rbs-img-image   rbs-lightbox \" ><div class=\"rbs-img-thumbs\"  data-thumbnail=\"https:\/\/hotelfloaredecolt.ro\/wp-content\/uploads\/2022\/12\/WhatsApp-Image-2022-12-12-at-10.40.16-AM-1-300x225.jpeg\"  title=\"Interior MD\"  data-width=\"300\"  data-height=\"225\" ><\/div><div class=\"rbs-img-data-popup\"  data-popup=\"https:\/\/hotelfloaredecolt.ro\/wp-content\/uploads\/2022\/12\/WhatsApp-Image-2022-12-12-at-10.40.16-AM-1.jpeg\"  title=\"Interior MD\" ><\/div><div class=\"thumbnail-overlay\"><div class=\"rbsIcons\"><i class=\"fa fa-search-plus rbsZoomIcon \" ><\/i><\/div><\/div><\/div><\/div><div class=\"rbs-img  category457 \" ><div class=\"rbs-img-image   rbs-lightbox \" ><div class=\"rbs-img-thumbs\"  data-thumbnail=\"https:\/\/hotelfloaredecolt.ro\/wp-content\/uploads\/2022\/12\/WhatsApp-Image-2022-12-12-at-10.40.15-AM-1-300x225.jpeg\"  title=\"Interior Bufet\"  data-width=\"300\"  data-height=\"225\" ><\/div><div class=\"rbs-img-data-popup\"  data-popup=\"https:\/\/hotelfloaredecolt.ro\/wp-content\/uploads\/2022\/12\/WhatsApp-Image-2022-12-12-at-10.40.15-AM-1.jpeg\"  title=\"Interior Bufet\" ><\/div><div class=\"thumbnail-overlay\"><div class=\"rbsIcons\"><i class=\"fa fa-search-plus rbsZoomIcon \" ><\/i><\/div><\/div><\/div><\/div><div class=\"rbs-img  category457 \" ><div class=\"rbs-img-image   rbs-lightbox \" ><div class=\"rbs-img-thumbs\"  data-thumbnail=\"https:\/\/hotelfloaredecolt.ro\/wp-content\/uploads\/2022\/12\/WhatsApp-Image-2022-12-12-at-10.40.17-AM-300x225.jpeg\"  title=\"Interior Bufet\"  data-width=\"300\"  data-height=\"225\" ><\/div><div class=\"rbs-img-data-popup\"  data-popup=\"https:\/\/hotelfloaredecolt.ro\/wp-content\/uploads\/2022\/12\/WhatsApp-Image-2022-12-12-at-10.40.17-AM.jpeg\"  title=\"Interior Bufet\" ><\/div><div class=\"thumbnail-overlay\"><div class=\"rbsIcons\"><i class=\"fa fa-search-plus rbsZoomIcon \" ><\/i><\/div><\/div><\/div><\/div><div class=\"rbs-img  category457 \" ><div class=\"rbs-img-image   rbs-lightbox \" ><div class=\"rbs-img-thumbs\"  data-thumbnail=\"https:\/\/hotelfloaredecolt.ro\/wp-content\/uploads\/2022\/12\/WhatsApp-Image-2022-12-12-at-10.40.16-AM-300x225.jpeg\"  title=\"Interior Bufet\"  data-width=\"300\"  data-height=\"225\" ><\/div><div class=\"rbs-img-data-popup\"  data-popup=\"https:\/\/hotelfloaredecolt.ro\/wp-content\/uploads\/2022\/12\/WhatsApp-Image-2022-12-12-at-10.40.16-AM.jpeg\"  title=\"Interior Bufet\" ><\/div><div class=\"thumbnail-overlay\"><div class=\"rbsIcons\"><i class=\"fa fa-search-plus rbsZoomIcon \" ><\/i><\/div><\/div><\/div><\/div><div class=\"rbs-img  category457 \" ><div class=\"rbs-img-image   rbs-lightbox \" ><div class=\"rbs-img-thumbs\"  data-thumbnail=\"https:\/\/hotelfloaredecolt.ro\/wp-content\/uploads\/2020\/11\/WhatsApp-Image-2020-11-20-at-11.19.49-300x138.jpeg\"  title=\"Interior\"  data-width=\"300\"  data-height=\"138\" ><\/div><div class=\"rbs-img-data-popup\"  data-popup=\"https:\/\/hotelfloaredecolt.ro\/wp-content\/uploads\/2020\/11\/WhatsApp-Image-2020-11-20-at-11.19.49.jpeg\"  title=\"Interior\" ><\/div><div class=\"thumbnail-overlay\"><div class=\"rbsIcons\"><i class=\"fa fa-search-plus rbsZoomIcon \" ><\/i><\/div><\/div><\/div><\/div><div class=\"rbs-img  category457 \" ><div class=\"rbs-img-image   rbs-lightbox \" ><div class=\"rbs-img-thumbs\"  data-thumbnail=\"https:\/\/hotelfloaredecolt.ro\/wp-content\/uploads\/2020\/11\/WhatsApp-Image-2020-11-20-at-11.19.56-1-138x300.jpeg\"  title=\"Coctail\"  data-width=\"138\"  data-height=\"300\" ><\/div><div class=\"rbs-img-data-popup\"  data-popup=\"https:\/\/hotelfloaredecolt.ro\/wp-content\/uploads\/2020\/11\/WhatsApp-Image-2020-11-20-at-11.19.56-1.jpeg\"  title=\"Coctail\" ><\/div><div class=\"thumbnail-overlay\"><div class=\"rbsIcons\"><i class=\"fa fa-search-plus rbsZoomIcon \" ><\/i><\/div><\/div><\/div><\/div><div class=\"rbs-img  category457 \" ><div class=\"rbs-img-image   rbs-lightbox \" ><div class=\"rbs-img-thumbs\"  data-thumbnail=\"https:\/\/hotelfloaredecolt.ro\/wp-content\/uploads\/2020\/11\/WhatsApp-Image-2020-11-20-at-11.19.52-2-200x300.jpeg\"  title=\"Interior Restaurant\"  data-width=\"200\"  data-height=\"300\" ><\/div><div class=\"rbs-img-data-popup\"  data-popup=\"https:\/\/hotelfloaredecolt.ro\/wp-content\/uploads\/2020\/11\/WhatsApp-Image-2020-11-20-at-11.19.52-2.jpeg\"  title=\"Interior Restaurant\" ><\/div><div class=\"thumbnail-overlay\"><div class=\"rbsIcons\"><i class=\"fa fa-search-plus rbsZoomIcon \" ><\/i><\/div><\/div><\/div><\/div><div class=\"rbs-img  category457 \" ><div class=\"rbs-img-image   rbs-lightbox \" ><div class=\"rbs-img-thumbs\"  data-thumbnail=\"https:\/\/hotelfloaredecolt.ro\/wp-content\/uploads\/2020\/11\/WhatsApp-Image-2020-11-20-at-11.19.53-1-300x200.jpeg\"  title=\"Decoratiuni de sezon\"  data-width=\"300\"  data-height=\"200\" ><\/div><div class=\"rbs-img-data-popup\"  data-popup=\"https:\/\/hotelfloaredecolt.ro\/wp-content\/uploads\/2020\/11\/WhatsApp-Image-2020-11-20-at-11.19.53-1.jpeg\"  title=\"Decoratiuni de sezon\" ><\/div><div class=\"thumbnail-overlay\"><div class=\"rbsIcons\"><i class=\"fa fa-search-plus rbsZoomIcon \" ><\/i><\/div><\/div><\/div><\/div><div class=\"rbs-img  category457 \" ><div class=\"rbs-img-image   rbs-lightbox \" ><div class=\"rbs-img-thumbs\"  data-thumbnail=\"https:\/\/hotelfloaredecolt.ro\/wp-content\/uploads\/2020\/10\/evenimente5-195x300.jpg\"  title=\"Evenimente\"  data-width=\"195\"  data-height=\"300\" ><\/div><div class=\"rbs-img-data-popup\"  data-popup=\"https:\/\/hotelfloaredecolt.ro\/wp-content\/uploads\/2020\/10\/evenimente5.jpg\"  title=\"Evenimente\" ><\/div><div class=\"thumbnail-overlay\"><div class=\"rbsIcons\"><i class=\"fa fa-search-plus rbsZoomIcon \" ><\/i><\/div><\/div><\/div><\/div><div class=\"rbs-img  category457 \" ><div class=\"rbs-img-image   rbs-lightbox \" ><div class=\"rbs-img-thumbs\"  data-thumbnail=\"https:\/\/hotelfloaredecolt.ro\/wp-content\/uploads\/2020\/10\/WhatsApp-Image-2020-10-30-at-11.46.03-1-300x225.jpeg\"  title=\"Desert\"  data-width=\"300\"  data-height=\"225\" ><\/div><div class=\"rbs-img-data-popup\"  data-popup=\"https:\/\/hotelfloaredecolt.ro\/wp-content\/uploads\/2020\/10\/WhatsApp-Image-2020-10-30-at-11.46.03-1.jpeg\"  title=\"Desert\" ><\/div><div class=\"thumbnail-overlay\"><div class=\"rbsIcons\"><i class=\"fa fa-search-plus rbsZoomIcon \" ><\/i><\/div><\/div><\/div><\/div><div class=\"rbs-img  category457 \" ><div class=\"rbs-img-image   rbs-lightbox \" ><div class=\"rbs-img-thumbs\"  data-thumbnail=\"https:\/\/hotelfloaredecolt.ro\/wp-content\/uploads\/2022\/11\/Floare-de-colt-21-300x224.jpg\"  title=\"Floare de colt (21)\"  data-width=\"300\"  data-height=\"224\" ><\/div><div class=\"rbs-img-data-popup\"  data-popup=\"https:\/\/hotelfloaredecolt.ro\/wp-content\/uploads\/2022\/11\/Floare-de-colt-21.jpg\"  title=\"Floare de colt (21)\" ><\/div><div class=\"thumbnail-overlay\"><div class=\"rbsIcons\"><i class=\"fa fa-search-plus rbsZoomIcon \" ><\/i><\/div><\/div><\/div><\/div><div class=\"rbs-img  category457 \" ><div class=\"rbs-img-image   rbs-lightbox \" ><div class=\"rbs-img-thumbs\"  data-thumbnail=\"https:\/\/hotelfloaredecolt.ro\/wp-content\/uploads\/2022\/11\/Floare-de-colt-16-225x300.jpg\"  title=\"Floare de colt (16)\"  data-width=\"225\"  data-height=\"300\" ><\/div><div class=\"rbs-img-data-popup\"  data-popup=\"https:\/\/hotelfloaredecolt.ro\/wp-content\/uploads\/2022\/11\/Floare-de-colt-16.jpg\"  title=\"Floare de colt (16)\" ><\/div><div class=\"thumbnail-overlay\"><div class=\"rbsIcons\"><i class=\"fa fa-search-plus rbsZoomIcon \" ><\/i><\/div><\/div><\/div><\/div><div class=\"rbs-img  category457 \" ><div class=\"rbs-img-image   rbs-lightbox \" ><div class=\"rbs-img-thumbs\"  data-thumbnail=\"https:\/\/hotelfloaredecolt.ro\/wp-content\/uploads\/2022\/11\/Floare-de-colt-3-300x225.jpg\"  title=\"Floare de colt (3)\"  data-width=\"300\"  data-height=\"225\" ><\/div><div class=\"rbs-img-data-popup\"  data-popup=\"https:\/\/hotelfloaredecolt.ro\/wp-content\/uploads\/2022\/11\/Floare-de-colt-3.jpg\"  title=\"Floare de colt (3)\" ><\/div><div class=\"thumbnail-overlay\"><div class=\"rbsIcons\"><i class=\"fa fa-search-plus rbsZoomIcon \" ><\/i><\/div><\/div><\/div><\/div><div class=\"rbs-img  category457 \" ><div class=\"rbs-img-image   rbs-lightbox \" ><div class=\"rbs-img-thumbs\"  data-thumbnail=\"https:\/\/hotelfloaredecolt.ro\/wp-content\/uploads\/2022\/11\/Floare-de-colt-15-225x300.jpg\"  title=\"Floare de colt (15)\"  data-width=\"225\"  data-height=\"300\" ><\/div><div class=\"rbs-img-data-popup\"  data-popup=\"https:\/\/hotelfloaredecolt.ro\/wp-content\/uploads\/2022\/11\/Floare-de-colt-15.jpg\"  title=\"Floare de colt (15)\" ><\/div><div class=\"thumbnail-overlay\"><div class=\"rbsIcons\"><i class=\"fa fa-search-plus rbsZoomIcon \" ><\/i><\/div><\/div><\/div><\/div><div class=\"rbs-img  category457 \" ><div class=\"rbs-img-image   rbs-lightbox \" ><div class=\"rbs-img-thumbs\"  data-thumbnail=\"https:\/\/hotelfloaredecolt.ro\/wp-content\/uploads\/2022\/11\/Floare-de-colt-8-225x300.jpg\"  title=\"Floare de colt (8)\"  data-width=\"225\"  data-height=\"300\" ><\/div><div class=\"rbs-img-data-popup\"  data-popup=\"https:\/\/hotelfloaredecolt.ro\/wp-content\/uploads\/2022\/11\/Floare-de-colt-8.jpg\"  title=\"Floare de colt (8)\" ><\/div><div class=\"thumbnail-overlay\"><div class=\"rbsIcons\"><i class=\"fa fa-search-plus rbsZoomIcon \" ><\/i><\/div><\/div><\/div><\/div><\/div><\/div><\/div><script>var rbs_gallery_69e1a4efb9330 = {\"version\":\"5.1.4\",\"id\":457,\"class\":\"id457\",\"roboGalleryDelay\":1000,\"mainContainer\":\"#robo_gallery_main_block_rbs_gallery_69e1a4efb9330\",\"loadingContainer\":\"#rbs_gallery_69e1a4efb9330-block-loader\",\"loadingContainerObj\":\"rbs_gallery_69e1a4efb9330-block-loader\",\"columnWidth\":\"auto\",\"columns\":3,\"resolutions\":[{\"columnWidth\":\"auto\",\"columns\":3,\"maxWidth\":960},{\"columnWidth\":\"auto\",\"columns\":2,\"maxWidth\":650},{\"columnWidth\":\"auto\",\"columns\":1,\"maxWidth\":450}],\"lightboxOptions\":{\"gallery\":{\"enabled\":true,\"tCounter\":\"%curr% of %total%\"}},\"overlayEffect\":\"direction-aware-fade\",\"boxesToLoadStart\":50,\"boxesToLoad\":8,\"waitUntilThumbLoads\":1,\"LoadingWord\":\"Loading...\",\"loadMoreWord\":\"Load More\",\"noMoreEntriesWord\":\"No More Entries\",\"horizontalSpaceBetweenBoxes\":15,\"verticalSpaceBetweenBoxes\":15,\"lazyLoad\":0,\"wrapContainer\":\"#robo-gallery-wrap-rbs_gallery_69e1a4efb9330\",\"filterContainer\":\"#rbs_gallery_69e1a4efb9330filter\",\"loadMoreClass\":\"button-flat-primary button-large \"};<\/script>\n\n\n\n<div class=\"contact_wrap  wow fadeInUp animated\" style=\"visibility: visible; animation-name: fadeInUp;\">\n\t<div class=\"container-fluid\">\t\n\t\t<div class=\"row\">\n\t\t\t\n\t\t\t\t\t\t<div class=\"col-md-4 col-sm-4 cont_column text-center\">\n\t\t\t\t<i class=\"fa fa-map-marker\"><\/i>\n\t\t\t\t<h3>Address<\/h3>\n\t\t\t\t<p>Str. Chilia nr 30 Gura Humorului Suceava<\/p>\n\t\t\t<\/div>\n\t\t\t\t\t\t\n\t\t\t\t\t\t<div class=\"col-md-4 col-sm-4 cont_column contact_center text-center\">\n\t\t\t\t<i class=\"fa fa-phone\"><\/i>\n\t\t\t\t<h3>Phone<\/h3>\n\t\t\t\t<p>0744.47.55.11<\/p>\n\t\t\t<\/div>\n\t\t\t\t\t\t\n\t\t\t\t\t\t<div class=\"col-md-4 col-sm-4 cont_column contact_right text-center\">\n\t\t\t\t<i class=\"fa fa-envelope\"><\/i>\n\t\t\t\t<h3>Email<\/h3>\n\t\t\t\t<p>rezervari@hotelfloaredecolt.ro<\/p>\n\t\t\t<\/div>\n\t\t\t\t\t<\/div>\n\t<\/div>\n<\/div>\n","protected":false},"excerpt":{"rendered":"<p>\u0218tim cu to\u021bii c\u0103 o parte din farmecul Bucovinei este dat \u0219i de tradi\u021biile culinare \u0219i pentru asta noi v\u0103 invit\u0103m s\u0103 degusta\u021bi bucate alese \u0219i atent preparate \u00een Restaurantul Hotelului Floare de Col\u021b.Cu o &#8230;<\/p>\n","protected":false},"author":1,"featured_media":0,"parent":0,"menu_order":0,"comment_status":"closed","ping_status":"closed","template":"","meta":{"om_disable_all_campaigns":false,"_monsterinsights_skip_tracking":false,"_monsterinsights_sitenote_active":false,"_monsterinsights_sitenote_note":"","_monsterinsights_sitenote_category":0,"footnotes":""},"class_list":["post-130","page","type-page","status-publish","hentry"],"aioseo_notices":[],"_links":{"self":[{"href":"https:\/\/hotelfloaredecolt.ro\/index.php\/wp-json\/wp\/v2\/pages\/130","targetHints":{"allow":["GET"]}}],"collection":[{"href":"https:\/\/hotelfloaredecolt.ro\/index.php\/wp-json\/wp\/v2\/pages"}],"about":[{"href":"https:\/\/hotelfloaredecolt.ro\/index.php\/wp-json\/wp\/v2\/types\/page"}],"author":[{"embeddable":true,"href":"https:\/\/hotelfloaredecolt.ro\/index.php\/wp-json\/wp\/v2\/users\/1"}],"replies":[{"embeddable":true,"href":"https:\/\/hotelfloaredecolt.ro\/index.php\/wp-json\/wp\/v2\/comments?post=130"}],"version-history":[{"count":10,"href":"https:\/\/hotelfloaredecolt.ro\/index.php\/wp-json\/wp\/v2\/pages\/130\/revisions"}],"predecessor-version":[{"id":547,"href":"https:\/\/hotelfloaredecolt.ro\/index.php\/wp-json\/wp\/v2\/pages\/130\/revisions\/547"}],"wp:attachment":[{"href":"https:\/\/hotelfloaredecolt.ro\/index.php\/wp-json\/wp\/v2\/media?parent=130"}],"curies":[{"name":"wp","href":"https:\/\/api.w.org\/{rel}","templated":true}]}}