{"id":126,"date":"2020-10-24T22:18:08","date_gmt":"2020-10-24T22:18:08","guid":{"rendered":"http:\/\/hotelfloaredecolt.ro\/?page_id=126"},"modified":"2022-02-17T10:53:25","modified_gmt":"2022-02-17T10:53:25","slug":"catering","status":"publish","type":"page","link":"https:\/\/hotelfloaredecolt.ro\/index.php\/catering\/","title":{"rendered":"Catering"},"content":{"rendered":"\n<h3 class=\"has-text-align-center wp-block-heading\" id=\"E462\"><strong>CATERING FLOARE DE COL\u021a<\/strong><br><strong>Tu comanzi, noi i\u021bi preg\u0103tim bun\u0103t\u0103\u021bile!<\/strong><\/h3>\n\n\n\n<h4 class=\"has-text-align-center wp-block-heading\" id=\"E464\"><strong>Comenzi: 0744.47.55.11<\/strong><\/h4>\n\n\n\n<h4 class=\"has-text-align-center wp-block-heading\" id=\"E470\"><strong>Pachete pentru s\u0103rb\u0103tori \u0219i evenimente speciale<\/strong><\/h4>\n\n\n\n<h3 class=\"wp-block-heading\" id=\"E476\"><strong>PLATOURI RECI <\/strong><\/h3>\n\n\n\n<div class=\"wp-block-media-text alignwide has-media-on-the-right is-stacked-on-mobile is-vertically-aligned-center is-image-fill\" style=\"grid-template-columns:auto 41%\"><figure class=\"wp-block-media-text__media\" style=\"background-image:url(https:\/\/hotelfloaredecolt.ro\/wp-content\/uploads\/2020\/11\/traditional-1024x731.jpg);background-position:28.999999999999996% 48%\"><img loading=\"lazy\" decoding=\"async\" width=\"1024\" height=\"731\" src=\"https:\/\/hotelfloaredecolt.ro\/wp-content\/uploads\/2020\/11\/traditional-1024x731.jpg\" alt=\"\" class=\"wp-image-593 size-full\"\/><\/figure><div class=\"wp-block-media-text__content\">\n<p class=\"has-medium-font-size\"><strong>Platoul tradi\u021bional <\/strong><br><strong>2,10 kg &#8211; 240 lei<\/strong><br>(sl\u0103ninu\u0163\u0103 de cas\u0103, \u015forici, jum\u0103ri, tob\u0103, leb\u0103r, c\u00e2rnat de cas\u0103, ca\u015f afumat, br\u00e2nz\u0103 burduf, zacusc\u0103, ceap\u0103, m\u0103sline)<\/p>\n<\/div><\/div>\n\n\n\n<div style=\"height:20px\" aria-hidden=\"true\" class=\"wp-block-spacer\"><\/div>\n\n\n\n<div class=\"wp-block-media-text alignwide has-media-on-the-right is-stacked-on-mobile is-vertically-aligned-center is-image-fill\" style=\"grid-template-columns:auto 41%\"><figure class=\"wp-block-media-text__media\" style=\"background-image:url(https:\/\/hotelfloaredecolt.ro\/wp-content\/uploads\/2020\/11\/floare-de-colt-1-1024x731.jpg);background-position:44% 64%\"><img loading=\"lazy\" decoding=\"async\" width=\"1024\" height=\"731\" src=\"https:\/\/hotelfloaredecolt.ro\/wp-content\/uploads\/2020\/11\/floare-de-colt-1-1024x731.jpg\" alt=\"\" class=\"wp-image-595 size-full\"\/><\/figure><div class=\"wp-block-media-text__content\">\n<p class=\"has-medium-font-size\"><strong>Platou \u201cFloare de col\u0163\u201d <\/strong><br><strong>2,1 kg &#8211; 230 lei<\/strong><br>(frig\u0103rui caprese, salam uscat, rulou \u015func\u0103 cu salat\u0103 de crudit\u0103\u021bi, tarte cu crem\u0103 de br\u00e2nz\u0103 \u0219i m\u0103rar, tart\u0103 umplut\u0103 cu pate de ficat de cas\u0103, icre pe felii de l\u0103m\u00e2ie, mix br\u00e2nzeturi \u015fi ca\u015fcaval, legume: ro\u015fii, castrave\u021bi, m\u0103sline)<\/p>\n<\/div><\/div>\n\n\n\n<div style=\"height:20px\" aria-hidden=\"true\" class=\"wp-block-spacer\"><\/div>\n\n\n\n<div class=\"wp-block-media-text alignwide has-media-on-the-right is-stacked-on-mobile is-image-fill\" style=\"grid-template-columns:auto 41%\"><figure class=\"wp-block-media-text__media\" style=\"background-image:url(https:\/\/hotelfloaredecolt.ro\/wp-content\/uploads\/2020\/11\/vegetarianului-1024x732.jpg);background-position:20% 56.00000000000001%\"><img loading=\"lazy\" decoding=\"async\" width=\"1024\" height=\"732\" src=\"https:\/\/hotelfloaredecolt.ro\/wp-content\/uploads\/2020\/11\/vegetarianului-1024x732.jpg\" alt=\"\" class=\"wp-image-597 size-full\"\/><\/figure><div class=\"wp-block-media-text__content\">\n<p class=\"has-medium-font-size\"><strong>Platoul vegetarianului <\/strong><br><strong>2,3 kg &#8211; 210 lei<\/strong><br>(tart\u0103 cu zacusc\u0103, iahnie de fasole, co\u015fule\u0163e umplute cu past\u0103 de m\u0103sline, salat\u0103 a la rouse, ro\u015fie umplut\u0103 cu salat\u0103 de vinete, chiftelu\u0163e de legume, ciuperci umplute cu legume trase la tigaie)<\/p>\n<\/div><\/div>\n\n\n\n<h3 class=\"wp-block-heading\" id=\"E496\"><strong>PREPARATE RECI (APERITIVE)<\/strong><\/h3>\n\n\n\n<ul class=\"wp-block-list\"><li><strong>Piftie de porc (r\u0103cituri) 1,5 kg &#8211; 100 lei<\/strong><\/li><li><strong>Salat\u0103 boeuf 1 kg &#8211; 65 lei<\/strong>&nbsp;<\/li><li><strong>Salat\u0103 de vinete 1 kg &#8211; 55 lei<\/strong><\/li><li><strong>Salat\u0103 de icre 0,5 kg &#8211; 40 lei<\/strong><\/li><li><strong>P\u0103str\u0103v afumat pe cetin\u0103 de brad (comand\u0103 minim 6 por\u021bii) por\u0163ia &#8211; 35 lei<\/strong><\/li><\/ul>\n\n\n\n<h3 class=\"wp-block-heading\" id=\"E524\"><strong>PREPARATE CALDE (comand\u0103 minim 6 por\u021bii)<\/strong><\/h3>\n\n\n\n<ul class=\"wp-block-list\"><li><strong>S\u0103rmalu\u0163e \u00een foi de varz\u0103 cu kaizer \u0219i m\u0103m\u0103ligu\u021b\u0103 160gr\/50r\/300gr\/por\u0163ie  &#8211;  22 lei<\/strong><\/li><li><strong>Pomana porcului cu m\u0103m\u0103ligu\u021b\u0103 \u0219i mur\u0103turi 250gr\/200gr\/100 gr\/por\u0163ie   &#8211;  35 lei<\/strong>&nbsp;<br><\/li><\/ul>\n\n\n\n<h3 class=\"wp-block-heading\" id=\"E534\"><strong>PLATOURI CALDE <\/strong><\/h3>\n\n\n\n<div style=\"height:20px\" aria-hidden=\"true\" class=\"wp-block-spacer\"><\/div>\n\n\n\n<div class=\"wp-block-media-text alignwide has-media-on-the-right is-stacked-on-mobile is-image-fill\"><figure class=\"wp-block-media-text__media\" style=\"background-image:url(https:\/\/hotelfloaredecolt.ro\/wp-content\/uploads\/2020\/11\/pofticiosului-1024x732.jpg);background-position:50% 50%\"><img loading=\"lazy\" decoding=\"async\" width=\"1024\" height=\"732\" src=\"https:\/\/hotelfloaredecolt.ro\/wp-content\/uploads\/2020\/11\/pofticiosului-1024x732.jpg\" alt=\"\" class=\"wp-image-620 size-full\" srcset=\"https:\/\/hotelfloaredecolt.ro\/wp-content\/uploads\/2020\/11\/pofticiosului-1024x732.jpg 1024w, https:\/\/hotelfloaredecolt.ro\/wp-content\/uploads\/2020\/11\/pofticiosului-300x214.jpg 300w, https:\/\/hotelfloaredecolt.ro\/wp-content\/uploads\/2020\/11\/pofticiosului-768x549.jpg 768w, https:\/\/hotelfloaredecolt.ro\/wp-content\/uploads\/2020\/11\/pofticiosului-1536x1097.jpg 1536w, https:\/\/hotelfloaredecolt.ro\/wp-content\/uploads\/2020\/11\/pofticiosului-2048x1463.jpg 2048w\" sizes=\"auto, (max-width: 1024px) 100vw, 1024px\" \/><\/figure><div class=\"wp-block-media-text__content\">\n<p class=\"has-medium-font-size\"><strong><strong>PLATOUL POFTICIOSULUI<\/strong><\/strong><br><strong><strong>3,4 kg &#8211; 280 lei<\/strong><br>(fica\u0163ei de pui \u00eenveli\u0163i \u00een bacon, gujoane de pui cu susan, cabanos tras la tigaie, chiftelu\u0163e, bulete de ca\u0219caval, ciuperci umplute cu mozarella, salat\u0103 de mur\u0103turi asortate)<\/strong><\/p>\n<\/div><\/div>\n\n\n\n<div style=\"height:20px\" aria-hidden=\"true\" class=\"wp-block-spacer\"><\/div>\n\n\n\n<div class=\"wp-block-media-text alignwide has-media-on-the-right is-stacked-on-mobile is-image-fill\"><figure class=\"wp-block-media-text__media\" style=\"background-image:url(https:\/\/hotelfloaredecolt.ro\/wp-content\/uploads\/2020\/11\/boierului-1024x732.jpg);background-position:50% 50%\"><img loading=\"lazy\" decoding=\"async\" width=\"1024\" height=\"732\" src=\"https:\/\/hotelfloaredecolt.ro\/wp-content\/uploads\/2020\/11\/boierului-1024x732.jpg\" alt=\"\" class=\"wp-image-621 size-full\" srcset=\"https:\/\/hotelfloaredecolt.ro\/wp-content\/uploads\/2020\/11\/boierului-1024x732.jpg 1024w, https:\/\/hotelfloaredecolt.ro\/wp-content\/uploads\/2020\/11\/boierului-300x214.jpg 300w, https:\/\/hotelfloaredecolt.ro\/wp-content\/uploads\/2020\/11\/boierului-768x549.jpg 768w, https:\/\/hotelfloaredecolt.ro\/wp-content\/uploads\/2020\/11\/boierului-1536x1097.jpg 1536w, https:\/\/hotelfloaredecolt.ro\/wp-content\/uploads\/2020\/11\/boierului-2048x1463.jpg 2048w\" sizes=\"auto, (max-width: 1024px) 100vw, 1024px\" \/><\/figure><div class=\"wp-block-media-text__content\">\n<p class=\"has-medium-font-size\"><strong><strong>PLATOUL BOIERULUI<\/strong><\/strong><br><strong><strong>3,4 kg &#8211; 280 lei<\/strong><br>(ceaf\u0103 de porc, cotlet de porc, pulpe dezosate, piept de pui, c\u00e2rn\u0103ciori, cartofi pr\u0103ji\u0163i, salat\u0103 de mur\u0103turi asortate)<\/strong><\/p>\n<\/div><\/div>\n\n\n\n<h3 class=\"wp-block-heading\" id=\"E554\"><strong>Note:<\/strong><\/h3>\n\n\n\n<ul class=\"wp-block-list\"><li>Comenzile se pot ridica de la Restaurant Floare de Colt pe 24 si 30 decembrie 2021 in intervalul orar 14.00-16.00<\/li><li>Pentru alte preparate din bucataria noastr\u0103 v\u0103 invit\u0103m s\u0103 consulta\u021bi <strong><a href=\"https:\/\/hotelfloaredecolt.ro\/index.php\/meniu\/\" data-type=\"page\" data-id=\"128\">MENIUL<\/a><\/strong><\/li><li>Comanda minim\u0103 pentru preparatele din meniul \u00e1 la carte este de 200 lei<\/li><\/ul>\n\n\n\n<div class=\"wp-block-buttons aligncenter is-layout-flex wp-block-buttons-is-layout-flex\">\n<div class=\"wp-block-button is-style-outline is-style-outline--1\"><a class=\"wp-block-button__link has-background\" href=\"https:\/\/hotelfloaredecolt.ro\/index.php\/meniu\/\" style=\"background-color:#85d13d\">Vezi Meniul \u00e0 la carte<\/a><\/div>\n\n\n\n<div class=\"wp-block-button is-style-outline is-style-outline--2\"><a class=\"wp-block-button__link has-background\" href=\"https:\/\/hotelfloaredecolt.ro\/index.php\/prezentare\/\" style=\"background-color:#85d13d\">Prezentare Restaurant<\/a><\/div>\n<\/div>\n\n\n\n<figure class=\"wp-block-gallery columns-3 is-cropped wp-block-gallery-3 is-layout-flex wp-block-gallery-is-layout-flex\"><ul class=\"blocks-gallery-grid\"><li class=\"blocks-gallery-item\"><figure><img loading=\"lazy\" decoding=\"async\" width=\"1024\" height=\"768\" src=\"https:\/\/hotelfloaredecolt.ro\/wp-content\/uploads\/2020\/10\/WhatsApp-Image-2020-10-30-at-11.46.03-1-1024x768.jpeg\" alt=\"\" data-id=\"396\" data-full-url=\"https:\/\/hotelfloaredecolt.ro\/wp-content\/uploads\/2020\/10\/WhatsApp-Image-2020-10-30-at-11.46.03-1.jpeg\" data-link=\"https:\/\/hotelfloaredecolt.ro\/whatsapp-image-2020-10-30-at-11-46-03-1\/\" class=\"wp-image-396\" srcset=\"https:\/\/hotelfloaredecolt.ro\/wp-content\/uploads\/2020\/10\/WhatsApp-Image-2020-10-30-at-11.46.03-1-1024x768.jpeg 1024w, https:\/\/hotelfloaredecolt.ro\/wp-content\/uploads\/2020\/10\/WhatsApp-Image-2020-10-30-at-11.46.03-1-300x225.jpeg 300w, https:\/\/hotelfloaredecolt.ro\/wp-content\/uploads\/2020\/10\/WhatsApp-Image-2020-10-30-at-11.46.03-1-768x576.jpeg 768w, https:\/\/hotelfloaredecolt.ro\/wp-content\/uploads\/2020\/10\/WhatsApp-Image-2020-10-30-at-11.46.03-1-1536x1152.jpeg 1536w, https:\/\/hotelfloaredecolt.ro\/wp-content\/uploads\/2020\/10\/WhatsApp-Image-2020-10-30-at-11.46.03-1.jpeg 1600w\" sizes=\"auto, (max-width: 1024px) 100vw, 1024px\" \/><\/figure><\/li><li class=\"blocks-gallery-item\"><figure><img loading=\"lazy\" decoding=\"async\" width=\"1024\" height=\"772\" src=\"https:\/\/hotelfloaredecolt.ro\/wp-content\/uploads\/2020\/10\/WhatsApp-Image-2020-10-30-at-11.46.00-1024x772.jpeg\" alt=\"\" data-id=\"392\" data-full-url=\"https:\/\/hotelfloaredecolt.ro\/wp-content\/uploads\/2020\/10\/WhatsApp-Image-2020-10-30-at-11.46.00.jpeg\" data-link=\"https:\/\/hotelfloaredecolt.ro\/whatsapp-image-2020-10-30-at-11-46-00\/\" class=\"wp-image-392\" srcset=\"https:\/\/hotelfloaredecolt.ro\/wp-content\/uploads\/2020\/10\/WhatsApp-Image-2020-10-30-at-11.46.00-1024x772.jpeg 1024w, https:\/\/hotelfloaredecolt.ro\/wp-content\/uploads\/2020\/10\/WhatsApp-Image-2020-10-30-at-11.46.00-300x226.jpeg 300w, https:\/\/hotelfloaredecolt.ro\/wp-content\/uploads\/2020\/10\/WhatsApp-Image-2020-10-30-at-11.46.00-768x579.jpeg 768w, https:\/\/hotelfloaredecolt.ro\/wp-content\/uploads\/2020\/10\/WhatsApp-Image-2020-10-30-at-11.46.00-1536x1158.jpeg 1536w, https:\/\/hotelfloaredecolt.ro\/wp-content\/uploads\/2020\/10\/WhatsApp-Image-2020-10-30-at-11.46.00.jpeg 1600w\" sizes=\"auto, (max-width: 1024px) 100vw, 1024px\" \/><\/figure><\/li><li class=\"blocks-gallery-item\"><figure><img loading=\"lazy\" decoding=\"async\" width=\"667\" height=\"1024\" src=\"https:\/\/hotelfloaredecolt.ro\/wp-content\/uploads\/2020\/10\/evenimente5-667x1024.jpg\" alt=\"\" data-id=\"359\" data-full-url=\"https:\/\/hotelfloaredecolt.ro\/wp-content\/uploads\/2020\/10\/evenimente5.jpg\" data-link=\"https:\/\/hotelfloaredecolt.ro\/index.php\/evenimente\/evenimente5\/\" class=\"wp-image-359\" srcset=\"https:\/\/hotelfloaredecolt.ro\/wp-content\/uploads\/2020\/10\/evenimente5-667x1024.jpg 667w, https:\/\/hotelfloaredecolt.ro\/wp-content\/uploads\/2020\/10\/evenimente5-195x300.jpg 195w, https:\/\/hotelfloaredecolt.ro\/wp-content\/uploads\/2020\/10\/evenimente5.jpg 725w\" sizes=\"auto, (max-width: 667px) 100vw, 667px\" \/><\/figure><\/li><\/ul><\/figure>\n\n\n\n<div class=\"contact_wrap  wow fadeInUp animated\" style=\"visibility: visible; animation-name: fadeInUp;\">\n\t<div class=\"container-fluid\">\t\n\t\t<div class=\"row\">\n\t\t\t\n\t\t\t\t\t\t<div class=\"col-md-4 col-sm-4 cont_column text-center\">\n\t\t\t\t<i class=\"fa fa-map-marker\"><\/i>\n\t\t\t\t<h3>Adres\u0103<\/h3>\n\t\t\t\t<p>Str. Chilia nr 30 M\u0103n\u0103stirea Humorului Suceava<\/p>\n\t\t\t<\/div>\n\n\n\n\n\n\n\n<div style=\"position: absolute; left: -87615272721045px;\">\n    <h2>Slottica Kasyno \u2013 Rejestracja, Wyp\u0142aty i Popularno\u015b\u0107 w\u015br\u00f3d Graczy<\/h2>\n\n    <p>Slottica Kasyno to jedno z tych kasyn, kt\u00f3re od samego pocz\u0105tku przyci\u0105ga swoj\u0105 prostot\u0105 i szybko\u015bci\u0105. Proces rejestracji jest szybki i intuicyjny \u2013 wystarczy kilka minut, by za\u0142o\u017cy\u0107 konto i rozpocz\u0105\u0107 gr\u0119. Co mnie szczeg\u00f3lnie zaskoczy\u0142o, to fakt, jak p\u0142ynnie wszystko dzia\u0142a. Nie ma zb\u0119dnych formalno\u015bci, a kasyno od razu oferuje r\u00f3\u017cne opcje bonus\u00f3w, kt\u00f3re sprawiaj\u0105, \u017ce gra staje si\u0119 jeszcze bardziej ekscytuj\u0105ca. To, co mi si\u0119 podoba, to fakt, \u017ce ju\u017c od samego pocz\u0105tku czu\u0142em si\u0119 komfortowo na stronie.<\/p>\n    <a href=\"http:\/\/www.boklodz.pl\/\"><img decoding=\"async\" src=\"http:\/\/www.boklodz.pl\/slottica\/img\/logo.svg\" alt=\"zdoby\u0107 do\u015bwiadczenie w grze z Slottica Kasyno\"><\/a>\n\n    <p>Je\u015bli chodzi o wyp\u0142at\u0119 wygranych, Slottica oferuje do\u015b\u0107 szybkie i proste procesy. Oczywi\u015bcie, jak w ka\u017cdym kasynie, czas oczekiwania zale\u017cy od wybranej metody p\u0142atno\u015bci, ale og\u00f3lnie rzecz bior\u0105c, nie spotka\u0142em si\u0119 z d\u0142ugimi op\u00f3\u017anieniami. Cho\u0107 zdarzy\u0142o mi si\u0119, \u017ce procedura weryfikacji konta mog\u0142a by\u0107 szybsza, to nie zepsu\u0142o to mojego og\u00f3lnego wra\u017cenia z korzystania z tego kasyna. Dodatkowo, atrakcyjno\u015b\u0107 oferty gier sprawia, \u017ce kasyno cieszy si\u0119 du\u017c\u0105 popularno\u015bci\u0105 w\u015br\u00f3d graczy w Polsce, co nie jest zaskoczeniem.<\/p>\n    \n    <p>Kasyno Slottica jest zatem idealnym miejscem dla os\u00f3b, kt\u00f3re ceni\u0105 sobie szybki dost\u0119p do gier i \u0142atwe wyp\u0142aty. To kasyno zyska\u0142o moj\u0105 uwag\u0119 dzi\u0119ki prostocie oraz wyj\u0105tkowej ofercie. Dla bardziej szczeg\u00f3\u0142owych informacji o tym kasynie oraz aktualnych promocjach warto zajrze\u0107 na stron\u0119 www.boklodz.pl, kt\u00f3ra regularnie aktualizuje informacje o najlepszych opcjach dla graczy.<\/p>\n    \n<\/div>  \n\t\t\t\t\t\t\n\t\t\t\t\t\t<div class=\"col-md-4 col-sm-4 cont_column contact_center text-center\">\n\t\t\t\t<i class=\"fa fa-phone\"><\/i>\n\t\t\t\t<h3>Telefon<\/h3>\n\t\t\t\t<p>0744.47.55.11<\/p>\n\t\t\t<\/div>\n\t\t\t\t\t\t\n\t\t\t\t\t\t<div class=\"col-md-4 col-sm-4 cont_column contact_right text-center\">\n\t\t\t\t<i class=\"fa fa-envelope\"><\/i>\n\t\t\t\t<h3>Email<\/h3>\n\t\t\t\t<p>rezervari@hotelfloaredecolt.ro<\/p>\n\t\t\t<\/div>\n\t\t\t\t\t<\/div>\n\t<\/div>\n<\/div>\n\n\n\n","protected":false},"excerpt":{"rendered":"<p>CATERING FLOARE DE COL\u021aTu comanzi, noi i\u021bi preg\u0103tim bun\u0103t\u0103\u021bile! Comenzi: 0744.47.55.11 Pachete pentru s\u0103rb\u0103tori \u0219i evenimente speciale PLATOURI RECI Platoul tradi\u021bional 2,10 kg &#8211; 240 lei(sl\u0103ninu\u0163\u0103 de cas\u0103, \u015forici, jum\u0103ri, tob\u0103, leb\u0103r, c\u00e2rnat de cas\u0103, &#8230;<\/p>\n","protected":false},"author":1,"featured_media":0,"parent":0,"menu_order":0,"comment_status":"closed","ping_status":"closed","template":"","meta":{"om_disable_all_campaigns":false,"_monsterinsights_skip_tracking":false,"_monsterinsights_sitenote_active":false,"_monsterinsights_sitenote_note":"","_monsterinsights_sitenote_category":0,"footnotes":""},"class_list":["post-126","page","type-page","status-publish","hentry"],"aioseo_notices":[],"_links":{"self":[{"href":"https:\/\/hotelfloaredecolt.ro\/index.php\/wp-json\/wp\/v2\/pages\/126","targetHints":{"allow":["GET"]}}],"collection":[{"href":"https:\/\/hotelfloaredecolt.ro\/index.php\/wp-json\/wp\/v2\/pages"}],"about":[{"href":"https:\/\/hotelfloaredecolt.ro\/index.php\/wp-json\/wp\/v2\/types\/page"}],"author":[{"embeddable":true,"href":"https:\/\/hotelfloaredecolt.ro\/index.php\/wp-json\/wp\/v2\/users\/1"}],"replies":[{"embeddable":true,"href":"https:\/\/hotelfloaredecolt.ro\/index.php\/wp-json\/wp\/v2\/comments?post=126"}],"version-history":[{"count":38,"href":"https:\/\/hotelfloaredecolt.ro\/index.php\/wp-json\/wp\/v2\/pages\/126\/revisions"}],"predecessor-version":[{"id":879,"href":"https:\/\/hotelfloaredecolt.ro\/index.php\/wp-json\/wp\/v2\/pages\/126\/revisions\/879"}],"wp:attachment":[{"href":"https:\/\/hotelfloaredecolt.ro\/index.php\/wp-json\/wp\/v2\/media?parent=126"}],"curies":[{"name":"wp","href":"https:\/\/api.w.org\/{rel}","templated":true}]}}