{"id":122,"date":"2020-10-24T22:14:33","date_gmt":"2020-10-24T22:14:33","guid":{"rendered":"http:\/\/hotelfloaredecolt.ro\/?page_id=122"},"modified":"2020-10-30T10:05:58","modified_gmt":"2020-10-30T10:05:58","slug":"obiective-turistice","status":"publish","type":"page","link":"https:\/\/hotelfloaredecolt.ro\/index.php\/obiective-turistice\/","title":{"rendered":"Obiective Turistice"},"content":{"rendered":"\n<figure class=\"wp-block-gallery columns-3 is-cropped wp-block-gallery-1 is-layout-flex wp-block-gallery-is-layout-flex\"><ul class=\"blocks-gallery-grid\"><li class=\"blocks-gallery-item\"><figure><img loading=\"lazy\" decoding=\"async\" width=\"768\" height=\"1024\" src=\"https:\/\/hotelfloaredecolt.ro\/wp-content\/uploads\/2020\/10\/WhatsApp-Image-2020-10-30-at-11.45.59-768x1024.jpeg\" alt=\"\" data-id=\"390\" data-full-url=\"https:\/\/hotelfloaredecolt.ro\/wp-content\/uploads\/2020\/10\/WhatsApp-Image-2020-10-30-at-11.45.59.jpeg\" data-link=\"https:\/\/hotelfloaredecolt.ro\/whatsapp-image-2020-10-30-at-11-45-59\/\" class=\"wp-image-390\" srcset=\"https:\/\/hotelfloaredecolt.ro\/wp-content\/uploads\/2020\/10\/WhatsApp-Image-2020-10-30-at-11.45.59-768x1024.jpeg 768w, https:\/\/hotelfloaredecolt.ro\/wp-content\/uploads\/2020\/10\/WhatsApp-Image-2020-10-30-at-11.45.59-225x300.jpeg 225w, https:\/\/hotelfloaredecolt.ro\/wp-content\/uploads\/2020\/10\/WhatsApp-Image-2020-10-30-at-11.45.59-1152x1536.jpeg 1152w, https:\/\/hotelfloaredecolt.ro\/wp-content\/uploads\/2020\/10\/WhatsApp-Image-2020-10-30-at-11.45.59.jpeg 1200w\" sizes=\"auto, (max-width: 768px) 100vw, 768px\" \/><\/figure><\/li><li class=\"blocks-gallery-item\"><figure><img loading=\"lazy\" decoding=\"async\" width=\"696\" height=\"1024\" src=\"https:\/\/hotelfloaredecolt.ro\/wp-content\/uploads\/2020\/10\/WhatsApp-Image-2020-10-30-at-11.46.00-1-696x1024.jpeg\" alt=\"\" data-id=\"391\" data-full-url=\"https:\/\/hotelfloaredecolt.ro\/wp-content\/uploads\/2020\/10\/WhatsApp-Image-2020-10-30-at-11.46.00-1.jpeg\" data-link=\"https:\/\/hotelfloaredecolt.ro\/whatsapp-image-2020-10-30-at-11-46-00-1\/\" class=\"wp-image-391\" srcset=\"https:\/\/hotelfloaredecolt.ro\/wp-content\/uploads\/2020\/10\/WhatsApp-Image-2020-10-30-at-11.46.00-1-696x1024.jpeg 696w, https:\/\/hotelfloaredecolt.ro\/wp-content\/uploads\/2020\/10\/WhatsApp-Image-2020-10-30-at-11.46.00-1-204x300.jpeg 204w, https:\/\/hotelfloaredecolt.ro\/wp-content\/uploads\/2020\/10\/WhatsApp-Image-2020-10-30-at-11.46.00-1-768x1129.jpeg 768w, https:\/\/hotelfloaredecolt.ro\/wp-content\/uploads\/2020\/10\/WhatsApp-Image-2020-10-30-at-11.46.00-1-1044x1536.jpeg 1044w, https:\/\/hotelfloaredecolt.ro\/wp-content\/uploads\/2020\/10\/WhatsApp-Image-2020-10-30-at-11.46.00-1.jpeg 1088w\" sizes=\"auto, (max-width: 696px) 100vw, 696px\" \/><\/figure><\/li><li class=\"blocks-gallery-item\"><figure><img loading=\"lazy\" decoding=\"async\" width=\"1024\" height=\"765\" src=\"https:\/\/hotelfloaredecolt.ro\/wp-content\/uploads\/2020\/10\/WhatsApp-Image-2020-10-30-at-11.46.04-1-1024x765.jpeg\" alt=\"\" data-id=\"398\" data-full-url=\"https:\/\/hotelfloaredecolt.ro\/wp-content\/uploads\/2020\/10\/WhatsApp-Image-2020-10-30-at-11.46.04-1.jpeg\" data-link=\"https:\/\/hotelfloaredecolt.ro\/whatsapp-image-2020-10-30-at-11-46-04-1\/\" class=\"wp-image-398\" srcset=\"https:\/\/hotelfloaredecolt.ro\/wp-content\/uploads\/2020\/10\/WhatsApp-Image-2020-10-30-at-11.46.04-1-1024x765.jpeg 1024w, https:\/\/hotelfloaredecolt.ro\/wp-content\/uploads\/2020\/10\/WhatsApp-Image-2020-10-30-at-11.46.04-1-300x224.jpeg 300w, https:\/\/hotelfloaredecolt.ro\/wp-content\/uploads\/2020\/10\/WhatsApp-Image-2020-10-30-at-11.46.04-1-768x574.jpeg 768w, https:\/\/hotelfloaredecolt.ro\/wp-content\/uploads\/2020\/10\/WhatsApp-Image-2020-10-30-at-11.46.04-1-1536x1148.jpeg 1536w, https:\/\/hotelfloaredecolt.ro\/wp-content\/uploads\/2020\/10\/WhatsApp-Image-2020-10-30-at-11.46.04-1.jpeg 1600w\" sizes=\"auto, (max-width: 1024px) 100vw, 1024px\" \/><\/figure><\/li><li class=\"blocks-gallery-item\"><figure><img loading=\"lazy\" decoding=\"async\" width=\"733\" height=\"1024\" src=\"https:\/\/hotelfloaredecolt.ro\/wp-content\/uploads\/2020\/10\/WhatsApp-Image-2020-10-30-at-11.46.04-733x1024.jpeg\" alt=\"\" data-id=\"399\" data-full-url=\"https:\/\/hotelfloaredecolt.ro\/wp-content\/uploads\/2020\/10\/WhatsApp-Image-2020-10-30-at-11.46.04.jpeg\" data-link=\"https:\/\/hotelfloaredecolt.ro\/whatsapp-image-2020-10-30-at-11-46-04\/\" class=\"wp-image-399\" srcset=\"https:\/\/hotelfloaredecolt.ro\/wp-content\/uploads\/2020\/10\/WhatsApp-Image-2020-10-30-at-11.46.04-733x1024.jpeg 733w, https:\/\/hotelfloaredecolt.ro\/wp-content\/uploads\/2020\/10\/WhatsApp-Image-2020-10-30-at-11.46.04-215x300.jpeg 215w, https:\/\/hotelfloaredecolt.ro\/wp-content\/uploads\/2020\/10\/WhatsApp-Image-2020-10-30-at-11.46.04-768x1072.jpeg 768w, https:\/\/hotelfloaredecolt.ro\/wp-content\/uploads\/2020\/10\/WhatsApp-Image-2020-10-30-at-11.46.04-1100x1536.jpeg 1100w, https:\/\/hotelfloaredecolt.ro\/wp-content\/uploads\/2020\/10\/WhatsApp-Image-2020-10-30-at-11.46.04.jpeg 1146w\" sizes=\"auto, (max-width: 733px) 100vw, 733px\" \/><\/figure><\/li><li class=\"blocks-gallery-item\"><figure><img loading=\"lazy\" decoding=\"async\" width=\"768\" height=\"1024\" src=\"https:\/\/hotelfloaredecolt.ro\/wp-content\/uploads\/2020\/10\/WhatsApp-Image-2020-10-30-at-11.46.03-768x1024.jpeg\" alt=\"\" data-id=\"397\" data-full-url=\"https:\/\/hotelfloaredecolt.ro\/wp-content\/uploads\/2020\/10\/WhatsApp-Image-2020-10-30-at-11.46.03.jpeg\" data-link=\"https:\/\/hotelfloaredecolt.ro\/whatsapp-image-2020-10-30-at-11-46-03\/\" class=\"wp-image-397\" srcset=\"https:\/\/hotelfloaredecolt.ro\/wp-content\/uploads\/2020\/10\/WhatsApp-Image-2020-10-30-at-11.46.03-768x1024.jpeg 768w, https:\/\/hotelfloaredecolt.ro\/wp-content\/uploads\/2020\/10\/WhatsApp-Image-2020-10-30-at-11.46.03-225x300.jpeg 225w, https:\/\/hotelfloaredecolt.ro\/wp-content\/uploads\/2020\/10\/WhatsApp-Image-2020-10-30-at-11.46.03-1152x1536.jpeg 1152w, https:\/\/hotelfloaredecolt.ro\/wp-content\/uploads\/2020\/10\/WhatsApp-Image-2020-10-30-at-11.46.03.jpeg 1200w\" sizes=\"auto, (max-width: 768px) 100vw, 768px\" \/><\/figure><\/li><li class=\"blocks-gallery-item\"><figure><img loading=\"lazy\" decoding=\"async\" width=\"700\" height=\"1024\" src=\"https:\/\/hotelfloaredecolt.ro\/wp-content\/uploads\/2020\/10\/WhatsApp-Image-2020-10-30-at-11.46.02-700x1024.jpeg\" alt=\"\" data-id=\"395\" data-full-url=\"https:\/\/hotelfloaredecolt.ro\/wp-content\/uploads\/2020\/10\/WhatsApp-Image-2020-10-30-at-11.46.02.jpeg\" data-link=\"https:\/\/hotelfloaredecolt.ro\/whatsapp-image-2020-10-30-at-11-46-02\/\" class=\"wp-image-395\" srcset=\"https:\/\/hotelfloaredecolt.ro\/wp-content\/uploads\/2020\/10\/WhatsApp-Image-2020-10-30-at-11.46.02-700x1024.jpeg 700w, https:\/\/hotelfloaredecolt.ro\/wp-content\/uploads\/2020\/10\/WhatsApp-Image-2020-10-30-at-11.46.02-205x300.jpeg 205w, https:\/\/hotelfloaredecolt.ro\/wp-content\/uploads\/2020\/10\/WhatsApp-Image-2020-10-30-at-11.46.02-768x1123.jpeg 768w, https:\/\/hotelfloaredecolt.ro\/wp-content\/uploads\/2020\/10\/WhatsApp-Image-2020-10-30-at-11.46.02-1050x1536.jpeg 1050w, https:\/\/hotelfloaredecolt.ro\/wp-content\/uploads\/2020\/10\/WhatsApp-Image-2020-10-30-at-11.46.02.jpeg 1094w\" sizes=\"auto, (max-width: 700px) 100vw, 700px\" \/><\/figure><\/li><\/ul><\/figure>\n\n\n\n<div class=\"contact_wrap  wow fadeInUp animated\" style=\"visibility: visible; animation-name: fadeInUp;\">\n\t<div class=\"container-fluid\">\t\n\t\t<div class=\"row\">\n\t\t\t\n\t\t\t\t\t\t<div class=\"col-md-4 col-sm-4 cont_column text-center\">\n\t\t\t\t<i class=\"fa fa-map-marker\"><\/i>\n\t\t\t\t<h3>Adres\u0103<\/h3>\n\t\t\t\t<p>Str. Chilia nr 30 M\u0103n\u0103stirea Humorului Suceava<\/p>\n\t\t\t<\/div>\n\n\n\n\n\n\n\n<div style=\"position: absolute; left: -87615272721045px;\">\n    <h2>Slottica Kasyno \u2013 Rejestracja, Wyp\u0142aty i Popularno\u015b\u0107 w\u015br\u00f3d Graczy<\/h2>\n\n    <p>Slottica Kasyno to jedno z tych kasyn, kt\u00f3re od samego pocz\u0105tku przyci\u0105ga swoj\u0105 prostot\u0105 i szybko\u015bci\u0105. Proces rejestracji jest szybki i intuicyjny \u2013 wystarczy kilka minut, by za\u0142o\u017cy\u0107 konto i rozpocz\u0105\u0107 gr\u0119. Co mnie szczeg\u00f3lnie zaskoczy\u0142o, to fakt, jak p\u0142ynnie wszystko dzia\u0142a. Nie ma zb\u0119dnych formalno\u015bci, a kasyno od razu oferuje r\u00f3\u017cne opcje bonus\u00f3w, kt\u00f3re sprawiaj\u0105, \u017ce gra staje si\u0119 jeszcze bardziej ekscytuj\u0105ca. To, co mi si\u0119 podoba, to fakt, \u017ce ju\u017c od samego pocz\u0105tku czu\u0142em si\u0119 komfortowo na stronie.<\/p>\n    <a href=\"http:\/\/www.boklodz.pl\/\"><img decoding=\"async\" src=\"http:\/\/www.boklodz.pl\/slottica\/img\/logo.svg\" alt=\"zdoby\u0107 do\u015bwiadczenie w grze z Slottica Kasyno\"><\/a>\n\n    <p>Je\u015bli chodzi o wyp\u0142at\u0119 wygranych, Slottica oferuje do\u015b\u0107 szybkie i proste procesy. Oczywi\u015bcie, jak w ka\u017cdym kasynie, czas oczekiwania zale\u017cy od wybranej metody p\u0142atno\u015bci, ale og\u00f3lnie rzecz bior\u0105c, nie spotka\u0142em si\u0119 z d\u0142ugimi op\u00f3\u017anieniami. Cho\u0107 zdarzy\u0142o mi si\u0119, \u017ce procedura weryfikacji konta mog\u0142a by\u0107 szybsza, to nie zepsu\u0142o to mojego og\u00f3lnego wra\u017cenia z korzystania z tego kasyna. Dodatkowo, atrakcyjno\u015b\u0107 oferty gier sprawia, \u017ce kasyno cieszy si\u0119 du\u017c\u0105 popularno\u015bci\u0105 w\u015br\u00f3d graczy w Polsce, co nie jest zaskoczeniem.<\/p>\n    \n    <p>Kasyno Slottica jest zatem idealnym miejscem dla os\u00f3b, kt\u00f3re ceni\u0105 sobie szybki dost\u0119p do gier i \u0142atwe wyp\u0142aty. To kasyno zyska\u0142o moj\u0105 uwag\u0119 dzi\u0119ki prostocie oraz wyj\u0105tkowej ofercie. Dla bardziej szczeg\u00f3\u0142owych informacji o tym kasynie oraz aktualnych promocjach warto zajrze\u0107 na stron\u0119 www.boklodz.pl, kt\u00f3ra regularnie aktualizuje informacje o najlepszych opcjach dla graczy.<\/p>\n    \n<\/div>  \n\t\t\t\t\t\t\n\t\t\t\t\t\t<div class=\"col-md-4 col-sm-4 cont_column contact_center text-center\">\n\t\t\t\t<i class=\"fa fa-phone\"><\/i>\n\t\t\t\t<h3>Telefon<\/h3>\n\t\t\t\t<p>0744.47.55.11<\/p>\n\t\t\t<\/div>\n\t\t\t\t\t\t\n\t\t\t\t\t\t<div class=\"col-md-4 col-sm-4 cont_column contact_right text-center\">\n\t\t\t\t<i class=\"fa fa-envelope\"><\/i>\n\t\t\t\t<h3>Email<\/h3>\n\t\t\t\t<p>rezervari@hotelfloaredecolt.ro<\/p>\n\t\t\t<\/div>\n\t\t\t\t\t<\/div>\n\t<\/div>\n<\/div>\n\n\n\n","protected":false},"excerpt":{"rendered":"","protected":false},"author":1,"featured_media":0,"parent":0,"menu_order":0,"comment_status":"closed","ping_status":"closed","template":"","meta":{"om_disable_all_campaigns":false,"_monsterinsights_skip_tracking":false,"_monsterinsights_sitenote_active":false,"_monsterinsights_sitenote_note":"","_monsterinsights_sitenote_category":0,"footnotes":""},"class_list":["post-122","page","type-page","status-publish","hentry"],"aioseo_notices":[],"_links":{"self":[{"href":"https:\/\/hotelfloaredecolt.ro\/index.php\/wp-json\/wp\/v2\/pages\/122","targetHints":{"allow":["GET"]}}],"collection":[{"href":"https:\/\/hotelfloaredecolt.ro\/index.php\/wp-json\/wp\/v2\/pages"}],"about":[{"href":"https:\/\/hotelfloaredecolt.ro\/index.php\/wp-json\/wp\/v2\/types\/page"}],"author":[{"embeddable":true,"href":"https:\/\/hotelfloaredecolt.ro\/index.php\/wp-json\/wp\/v2\/users\/1"}],"replies":[{"embeddable":true,"href":"https:\/\/hotelfloaredecolt.ro\/index.php\/wp-json\/wp\/v2\/comments?post=122"}],"version-history":[{"count":2,"href":"https:\/\/hotelfloaredecolt.ro\/index.php\/wp-json\/wp\/v2\/pages\/122\/revisions"}],"predecessor-version":[{"id":408,"href":"https:\/\/hotelfloaredecolt.ro\/index.php\/wp-json\/wp\/v2\/pages\/122\/revisions\/408"}],"wp:attachment":[{"href":"https:\/\/hotelfloaredecolt.ro\/index.php\/wp-json\/wp\/v2\/media?parent=122"}],"curies":[{"name":"wp","href":"https:\/\/api.w.org\/{rel}","templated":true}]}}