{"id":107,"date":"2020-10-24T22:13:17","date_gmt":"2020-10-24T22:13:17","guid":{"rendered":"http:\/\/hotelfloaredecolt.ro\/?page_id=107"},"modified":"2022-02-17T10:47:18","modified_gmt":"2022-02-17T10:47:18","slug":"hotel","status":"publish","type":"page","link":"https:\/\/hotelfloaredecolt.ro\/index.php\/hotel\/","title":{"rendered":"Hotel"},"content":{"rendered":"\n<p class=\"has-text-align-center\">Ne m\u00e2ndrim cu faptul c\u0103 suntem localiza\u021bi \u00een Bucovina, cea mai frumoasa zon\u0103 turistic\u0103 a Rom\u00e2niei \u0219i locul unde tradi\u021biile \u0219i obiceiurile rom\u00e2ne\u0219ti sunt p\u0103strate ca pe vremea bunicilor no\u0219tri.<br>Noi, cei de la Hotel Floare de Col\u021b, v\u0103 invit\u0103m s\u0103 ne trece\u021bi pragul \u0219i s\u0103 v\u0103 bucura\u021bi de peisajele minunate \u0219i lini\u0219tea pe care o merita\u021bi. Situat la marginea localit\u0103\u021bii M\u0103n\u0103stirea Humorului, \u00eentr-o zon\u0103 retras\u0103 \u0219i str\u0103juit de o p\u0103dure frumoas\u0103, Hotelul Floare de Col\u021b se afla la doar 10 km distan\u021b\u0103 de Gura Humorului, 60 km de Suceava \u0219i 40 km de C\u00e2mpulung Moldovenesc.<br>Hotelul a fost modernizat \u00een 2019 \u0219i ofer\u0103 67 de spa\u021bii de cazare dispuse \u00een 27 de camere duble, triple sau cvadruple. Timpul vi-l pute\u021bi petrece \u00eentr-un mod pl\u0103cut \u00een sala de jocuri unde ve\u021bi g\u0103si o mas\u0103 de ping-pong, mas\u0103 de biliard, Xbox-uri \u0219i Jocuri de societate sau pe terenul de sport din curte unde pute\u021bi s\u0103 juca\u021bi cu prietenii un meci de fotbal, baschet sau tenis. Copiii au un spatiu de joaca doar al lor care vine echipat \u0219i cu o trambulina iar dac\u0103 sunt mai aventuro\u0219i, se pot bucura de o tiroliana \u0219i chiar de un panou de escalad\u0103 special amenajate. Imaginile de mai jos v\u0103 vor convinge c\u0103 Floare de Colt este locul ideal pentru o \u0219edere pl\u0103cuta.<br>Pe l\u00e2ng\u0103 facilit\u0103\u021bile hotelului, lini\u0219tea \u0219i aerul curat pe care le punem la dispozi\u021bie, v\u0103 invitam s\u0103 v\u0103 bucura\u021bi \u0219i de multitudinea de obiective turistice \u0219i monumente istorice pe care doar \u00een Bucovina le pute\u021bi g\u0103si. De la salba de m\u0103n\u0103stiri pictate care fac parte din Patrimoniul UNESCO, la muzeele de \u00eencondeiat ou\u0103 din Vama sau Moldovi\u021ba \u0219i p\u00e2n\u0103 la cea mai pitoreasc\u0103 moc\u0103ni\u021b\u0103 din Bucovina \u0219i cea mai lung\u0103 tirolian\u0103 din Europa de Est, v\u0103 garant\u0103m c\u0103 ve\u021bi avea parte de experien\u021be de neuitat.<\/p>\n\n\n\n<p><\/p>\n\n\n<style type=\"text\/css\" scoped>.rbs_gallery_69e0d662515b3Spinner{\r\n\t\t\t\tmargin: 50px auto;\r\n\t\t\t\twidth: 50px;\r\n\t\t\t\theight: 40px;\r\n\t\t\t\ttext-align: center;\r\n\t\t\t\tfont-size: 10px;\r\n\t\t\t}\r\n\t\t\t.rbs_gallery_69e0d662515b3Spinner > div{\r\n\t\t\t  background-color: #333;\r\n\t\t\t  height: 100%;\r\n\t\t\t  width: 6px;\r\n\t\t\t  display: inline-block;\r\n\t\t\t  -webkit-animation: rbs_gallery_69e0d662515b3-stretchdelay 1.2s infinite ease-in-out;\r\n\t\t\t  animation: rbs_gallery_69e0d662515b3-stretchdelay 1.2s infinite ease-in-out;\r\n\t\t\t}\r\n\t\t\t.rbs_gallery_69e0d662515b3Spinner .rbs_gallery_69e0d662515b3Rect2 {\r\n\t\t\t  -webkit-animation-delay: -1.1s;\r\n\t\t\t  animation-delay: -1.1s;\r\n\t\t\t}\r\n\t\t\t.rbs_gallery_69e0d662515b3Spinner .rbs_gallery_69e0d662515b3Rect3 {\r\n\t\t\t  -webkit-animation-delay: -1.0s;\r\n\t\t\t  animation-delay: -1.0s;\r\n\t\t\t}\r\n\t\t\t.rbs_gallery_69e0d662515b3Spinner .rbs_gallery_69e0d662515b3Rect4 {\r\n\t\t\t  -webkit-animation-delay: -0.9s;\r\n\t\t\t  animation-delay: -0.9s;\r\n\t\t\t}\r\n\t\t\t.rbs_gallery_69e0d662515b3Spinner .rbs_gallery_69e0d662515b3Rect5 {\r\n\t\t\t  -webkit-animation-delay: -0.8s;\r\n\t\t\t  animation-delay: -0.8s;\r\n\t\t\t}\r\n\t\t\t@-webkit-keyframes rbs_gallery_69e0d662515b3-stretchdelay {\r\n\t\t\t  0%, 40%, 100% { -webkit-transform: scaleY(0.4) }  \r\n\t\t\t  20% { -webkit-transform: scaleY(1.0) }\r\n\t\t\t}\r\n\t\t\t@keyframes rbs_gallery_69e0d662515b3-stretchdelay {\r\n\t\t\t  0%, 40%, 100% { \r\n\t\t\t    transform: scaleY(0.4);\r\n\t\t\t    -webkit-transform: scaleY(0.4);\r\n\t\t\t  }  20% { \r\n\t\t\t    transform: scaleY(1.0);\r\n\t\t\t    -webkit-transform: scaleY(1.0);\r\n\t\t\t  }\r\n\t\t\t}\r\n\t\t<\/style><div class=\"robo-gallery-wrap robo-gallery-wrap-id455 robo-gallery-\" ><div id=\"rbs_gallery_69e0d662515b3-block-loader\" class=\"rbs_gallery_69e0d662515b3Spinner\"><div class=\"rbs_gallery_69e0d662515b3Rect1\"><\/div> <div class=\"rbs_gallery_69e0d662515b3Rect2\"><\/div> <div class=\"rbs_gallery_69e0d662515b3Rect3\"><\/div> <div class=\"rbs_gallery_69e0d662515b3Rect4\"><\/div> <div class=\"rbs_gallery_69e0d662515b3Rect5\"><\/div><\/div><div class=\"rbs_gallery_button  rbs_gallery_align_left\" id=\"rbs_gallery_69e0d662515b3filter\" style=\" display: none;\" ><\/div><div id=\"robo_gallery_main_block_rbs_gallery_69e0d662515b3\" class=\"robogallery-gallery-455\" style=\"width:100%;margin:0 auto;  display: none;\"><div id=\"rbs_gallery_69e0d662515b3\" data-options=\"rbs_gallery_69e0d662515b3\" style=\"width:100%;\" class=\"robo_gallery  \"><div class=\"rbs-img  category455 \" ><div class=\"rbs-img-image   rbs-lightbox \" ><div class=\"rbs-img-thumbs\"  data-thumbnail=\"https:\/\/hotelfloaredecolt.ro\/wp-content\/uploads\/2020\/10\/hotel-fata-head-300x129.jpg\"  title=\"Fatada Hotel\"  data-width=\"300\"  data-height=\"129\" ><\/div><div class=\"rbs-img-data-popup\"  data-popup=\"https:\/\/hotelfloaredecolt.ro\/wp-content\/uploads\/2020\/10\/hotel-fata-head.jpg\"  title=\"Fatada Hotel\" ><\/div><div class=\"thumbnail-overlay\"><div class=\"rbsIcons\"><i class=\"fa fa-search-plus rbsZoomIcon \" ><\/i><\/div><\/div><\/div><\/div><div class=\"rbs-img  category455 \" ><div class=\"rbs-img-image   rbs-lightbox \" ><div class=\"rbs-img-thumbs\"  data-thumbnail=\"https:\/\/hotelfloaredecolt.ro\/wp-content\/uploads\/2020\/10\/WhatsApp-Image-2020-10-30-at-11.46.00-300x226.jpeg\"  title=\"Bine ati venit.\"  data-width=\"300\"  data-height=\"226\" ><\/div><div class=\"rbs-img-data-popup\"  data-popup=\"https:\/\/hotelfloaredecolt.ro\/wp-content\/uploads\/2020\/10\/WhatsApp-Image-2020-10-30-at-11.46.00.jpeg\"  title=\"Bine ati venit.\" ><\/div><div class=\"thumbnail-overlay\"><div class=\"rbsIcons\"><i class=\"fa fa-search-plus rbsZoomIcon \" ><\/i><\/div><\/div><\/div><\/div><div class=\"rbs-img  category455 \" ><div class=\"rbs-img-image   rbs-lightbox \" ><div class=\"rbs-img-thumbs\"  data-thumbnail=\"https:\/\/hotelfloaredecolt.ro\/wp-content\/uploads\/2020\/10\/WhatsApp-Image-2020-10-30-at-11.46.01-1-300x225.jpeg\"  title=\"Coltul Bunicii.\"  data-width=\"300\"  data-height=\"225\" ><\/div><div class=\"rbs-img-data-popup\"  data-popup=\"https:\/\/hotelfloaredecolt.ro\/wp-content\/uploads\/2020\/10\/WhatsApp-Image-2020-10-30-at-11.46.01-1.jpeg\"  title=\"Coltul Bunicii.\" ><\/div><div class=\"thumbnail-overlay\"><div class=\"rbsIcons\"><i class=\"fa fa-search-plus rbsZoomIcon \" ><\/i><\/div><\/div><\/div><\/div><div class=\"rbs-img  category455 \" ><div class=\"rbs-img-image   rbs-lightbox \" ><div class=\"rbs-img-thumbs\"  data-thumbnail=\"https:\/\/hotelfloaredecolt.ro\/wp-content\/uploads\/2020\/10\/WhatsApp-Image-2020-10-30-at-11.46.04-1-300x224.jpeg\"  title=\"Loc de tihna.\"  data-width=\"300\"  data-height=\"224\" ><\/div><div class=\"rbs-img-data-popup\"  data-popup=\"https:\/\/hotelfloaredecolt.ro\/wp-content\/uploads\/2020\/10\/WhatsApp-Image-2020-10-30-at-11.46.04-1.jpeg\"  title=\"Loc de tihna.\" ><\/div><div class=\"thumbnail-overlay\"><div class=\"rbsIcons\"><i class=\"fa fa-search-plus rbsZoomIcon \" ><\/i><\/div><\/div><\/div><\/div><div class=\"rbs-img  category455 \" ><div class=\"rbs-img-image   rbs-lightbox \" ><div class=\"rbs-img-thumbs\"  data-thumbnail=\"https:\/\/hotelfloaredecolt.ro\/wp-content\/uploads\/2020\/10\/camera-300x200.jpg\"  title=\"camera\"  data-width=\"300\"  data-height=\"200\" ><\/div><div class=\"rbs-img-data-popup\"  data-popup=\"https:\/\/hotelfloaredecolt.ro\/wp-content\/uploads\/2020\/10\/camera.jpg\"  title=\"camera\" ><\/div><div class=\"thumbnail-overlay\"><div class=\"rbsIcons\"><i class=\"fa fa-search-plus rbsZoomIcon \" ><\/i><\/div><\/div><\/div><\/div><div class=\"rbs-img  category455 \" ><div class=\"rbs-img-image   rbs-lightbox \" ><div class=\"rbs-img-thumbs\"  data-thumbnail=\"https:\/\/hotelfloaredecolt.ro\/wp-content\/uploads\/2020\/10\/baie1-300x200.jpg\"  title=\"baie1\"  data-width=\"300\"  data-height=\"200\" ><\/div><div class=\"rbs-img-data-popup\"  data-popup=\"https:\/\/hotelfloaredecolt.ro\/wp-content\/uploads\/2020\/10\/baie1.jpg\"  title=\"baie1\" ><\/div><div class=\"thumbnail-overlay\"><div class=\"rbsIcons\"><i class=\"fa fa-search-plus rbsZoomIcon \" ><\/i><\/div><\/div><\/div><\/div><div class=\"rbs-img  category455 \" ><div class=\"rbs-img-image   rbs-lightbox \" ><div class=\"rbs-img-thumbs\"  data-thumbnail=\"https:\/\/hotelfloaredecolt.ro\/wp-content\/uploads\/2020\/10\/balcon1-200x300.jpg\"  title=\"balcon1\"  data-width=\"200\"  data-height=\"300\" ><\/div><div class=\"rbs-img-data-popup\"  data-popup=\"https:\/\/hotelfloaredecolt.ro\/wp-content\/uploads\/2020\/10\/balcon1.jpg\"  title=\"balcon1\" ><\/div><div class=\"thumbnail-overlay\"><div class=\"rbsIcons\"><i class=\"fa fa-search-plus rbsZoomIcon \" ><\/i><\/div><\/div><\/div><\/div><div class=\"rbs-img  category455 \" ><div class=\"rbs-img-image   rbs-lightbox \" ><div class=\"rbs-img-thumbs\"  data-thumbnail=\"https:\/\/hotelfloaredecolt.ro\/wp-content\/uploads\/2020\/10\/WhatsApp-Image-2020-10-30-at-11.46.02-205x300.jpeg\"  title=\"Relaxare in leagan.\"  data-width=\"205\"  data-height=\"300\" ><\/div><div class=\"rbs-img-data-popup\"  data-popup=\"https:\/\/hotelfloaredecolt.ro\/wp-content\/uploads\/2020\/10\/WhatsApp-Image-2020-10-30-at-11.46.02.jpeg\"  title=\"Relaxare in leagan.\" ><\/div><div class=\"thumbnail-overlay\"><div class=\"rbsIcons\"><i class=\"fa fa-search-plus rbsZoomIcon \" ><\/i><\/div><\/div><\/div><\/div><div class=\"rbs-img  category455 \" ><div class=\"rbs-img-image   rbs-lightbox \" ><div class=\"rbs-img-thumbs\"  data-thumbnail=\"https:\/\/hotelfloaredecolt.ro\/wp-content\/uploads\/2020\/11\/WhatsApp-Image-2020-11-20-at-11.19.53-1-300x200.jpeg\"  title=\"Decoratiuni de sezon\"  data-width=\"300\"  data-height=\"200\" ><\/div><div class=\"rbs-img-data-popup\"  data-popup=\"https:\/\/hotelfloaredecolt.ro\/wp-content\/uploads\/2020\/11\/WhatsApp-Image-2020-11-20-at-11.19.53-1.jpeg\"  title=\"Decoratiuni de sezon\" ><\/div><div class=\"thumbnail-overlay\"><div class=\"rbsIcons\"><i class=\"fa fa-search-plus rbsZoomIcon \" ><\/i><\/div><\/div><\/div><\/div><div class=\"rbs-img  category455 \" ><div class=\"rbs-img-image   rbs-lightbox \" ><div class=\"rbs-img-thumbs\"  data-thumbnail=\"https:\/\/hotelfloaredecolt.ro\/wp-content\/uploads\/2020\/10\/WhatsApp-Image-2020-10-30-at-11.46.01-300x225.jpeg\"  title=\"Laterala Restaurant Vechi\"  data-width=\"300\"  data-height=\"225\" ><\/div><div class=\"rbs-img-data-popup\"  data-popup=\"https:\/\/hotelfloaredecolt.ro\/wp-content\/uploads\/2020\/10\/WhatsApp-Image-2020-10-30-at-11.46.01.jpeg\"  title=\"Laterala Restaurant Vechi\" ><\/div><div class=\"thumbnail-overlay\"><div class=\"rbsIcons\"><i class=\"fa fa-search-plus rbsZoomIcon \" ><\/i><\/div><\/div><\/div><\/div><div class=\"rbs-img  category455 \" ><div class=\"rbs-img-image   rbs-lightbox \" ><div class=\"rbs-img-thumbs\"  data-thumbnail=\"https:\/\/hotelfloaredecolt.ro\/wp-content\/uploads\/2020\/10\/WhatsApp-Image-2020-10-30-at-11.46.00-1-204x300.jpeg\"  title=\"Decoratiuni\"  data-width=\"204\"  data-height=\"300\" ><\/div><div class=\"rbs-img-data-popup\"  data-popup=\"https:\/\/hotelfloaredecolt.ro\/wp-content\/uploads\/2020\/10\/WhatsApp-Image-2020-10-30-at-11.46.00-1.jpeg\"  title=\"Decoratiuni\" ><\/div><div class=\"thumbnail-overlay\"><div class=\"rbsIcons\"><i class=\"fa fa-search-plus rbsZoomIcon \" ><\/i><\/div><\/div><\/div><\/div><div class=\"rbs-img  category455 \" ><div class=\"rbs-img-image   rbs-lightbox \" ><div class=\"rbs-img-thumbs\"  data-thumbnail=\"https:\/\/hotelfloaredecolt.ro\/wp-content\/uploads\/2020\/10\/WhatsApp-Image-2020-10-30-at-11.46.04-215x300.jpeg\"  title=\"Lasa-ti amprenta.\"  data-width=\"215\"  data-height=\"300\" ><\/div><div class=\"rbs-img-data-popup\"  data-popup=\"https:\/\/hotelfloaredecolt.ro\/wp-content\/uploads\/2020\/10\/WhatsApp-Image-2020-10-30-at-11.46.04.jpeg\"  title=\"Lasa-ti amprenta.\" ><\/div><div class=\"thumbnail-overlay\"><div class=\"rbsIcons\"><i class=\"fa fa-search-plus rbsZoomIcon \" ><\/i><\/div><\/div><\/div><\/div><div class=\"rbs-img  category455 \" ><div class=\"rbs-img-image   rbs-lightbox \" ><div class=\"rbs-img-thumbs\"  data-thumbnail=\"https:\/\/hotelfloaredecolt.ro\/wp-content\/uploads\/2022\/02\/FDC-UPDATE-17.02-300x225.jpg\"  title=\"FDC UPDATE 17.02\"  data-width=\"300\"  data-height=\"225\" ><\/div><div class=\"rbs-img-data-popup\"  data-popup=\"https:\/\/hotelfloaredecolt.ro\/wp-content\/uploads\/2022\/02\/FDC-UPDATE-17.02.jpg\"  title=\"FDC UPDATE 17.02\" ><\/div><div class=\"thumbnail-overlay\"><div class=\"rbsIcons\"><i class=\"fa fa-search-plus rbsZoomIcon \" ><\/i><\/div><\/div><\/div><\/div><div class=\"rbs-img  category455 \" ><div class=\"rbs-img-image   rbs-lightbox \" ><div class=\"rbs-img-thumbs\"  data-thumbnail=\"https:\/\/hotelfloaredecolt.ro\/wp-content\/uploads\/2022\/02\/FDC-UPDATE-17.02-2-300x225.jpg\"  title=\"FDC UPDATE 17.02 2\"  data-width=\"300\"  data-height=\"225\" ><\/div><div class=\"rbs-img-data-popup\"  data-popup=\"https:\/\/hotelfloaredecolt.ro\/wp-content\/uploads\/2022\/02\/FDC-UPDATE-17.02-2.jpg\"  title=\"FDC UPDATE 17.02 2\" ><\/div><div class=\"thumbnail-overlay\"><div class=\"rbsIcons\"><i class=\"fa fa-search-plus rbsZoomIcon \" ><\/i><\/div><\/div><\/div><\/div><div class=\"rbs-img  category455 \" ><div class=\"rbs-img-image   rbs-lightbox \" ><div class=\"rbs-img-thumbs\"  data-thumbnail=\"https:\/\/hotelfloaredecolt.ro\/wp-content\/uploads\/2022\/02\/FDC-UPDATE-17.02-3-300x200.jpg\"  title=\"FDC UPDATE 17.02 3\"  data-width=\"300\"  data-height=\"200\" ><\/div><div class=\"rbs-img-data-popup\"  data-popup=\"https:\/\/hotelfloaredecolt.ro\/wp-content\/uploads\/2022\/02\/FDC-UPDATE-17.02-3.jpg\"  title=\"FDC UPDATE 17.02 3\" ><\/div><div class=\"thumbnail-overlay\"><div class=\"rbsIcons\"><i class=\"fa fa-search-plus rbsZoomIcon \" ><\/i><\/div><\/div><\/div><\/div><div class=\"rbs-img  category455 \" ><div class=\"rbs-img-image   rbs-lightbox \" ><div class=\"rbs-img-thumbs\"  data-thumbnail=\"https:\/\/hotelfloaredecolt.ro\/wp-content\/uploads\/2022\/02\/FDC-UPDATE-17.02-4-300x200.jpg\"  title=\"FDC UPDATE 17.02 4\"  data-width=\"300\"  data-height=\"200\" ><\/div><div class=\"rbs-img-data-popup\"  data-popup=\"https:\/\/hotelfloaredecolt.ro\/wp-content\/uploads\/2022\/02\/FDC-UPDATE-17.02-4.jpg\"  title=\"FDC UPDATE 17.02 4\" ><\/div><div class=\"thumbnail-overlay\"><div class=\"rbsIcons\"><i class=\"fa fa-search-plus rbsZoomIcon \" ><\/i><\/div><\/div><\/div><\/div><div class=\"rbs-img  category455 \" ><div class=\"rbs-img-image   rbs-lightbox \" ><div class=\"rbs-img-thumbs\"  data-thumbnail=\"https:\/\/hotelfloaredecolt.ro\/wp-content\/uploads\/2022\/11\/Floare-de-colt-18-225x300.jpg\"  title=\"Floare de colt (18)\"  data-width=\"225\"  data-height=\"300\" ><\/div><div class=\"rbs-img-data-popup\"  data-popup=\"https:\/\/hotelfloaredecolt.ro\/wp-content\/uploads\/2022\/11\/Floare-de-colt-18.jpg\"  title=\"Floare de colt (18)\" ><\/div><div class=\"thumbnail-overlay\"><div class=\"rbsIcons\"><i class=\"fa fa-search-plus rbsZoomIcon \" ><\/i><\/div><\/div><\/div><\/div><div class=\"rbs-img  category455 \" ><div class=\"rbs-img-image   rbs-lightbox \" ><div class=\"rbs-img-thumbs\"  data-thumbnail=\"https:\/\/hotelfloaredecolt.ro\/wp-content\/uploads\/2022\/11\/Floare-de-colt-13-225x300.jpg\"  title=\"Floare de colt (13)\"  data-width=\"225\"  data-height=\"300\" ><\/div><div class=\"rbs-img-data-popup\"  data-popup=\"https:\/\/hotelfloaredecolt.ro\/wp-content\/uploads\/2022\/11\/Floare-de-colt-13.jpg\"  title=\"Floare de colt (13)\" ><\/div><div class=\"thumbnail-overlay\"><div class=\"rbsIcons\"><i class=\"fa fa-search-plus rbsZoomIcon \" ><\/i><\/div><\/div><\/div><\/div><div class=\"rbs-img  category455 \" ><div class=\"rbs-img-image   rbs-lightbox \" ><div class=\"rbs-img-thumbs\"  data-thumbnail=\"https:\/\/hotelfloaredecolt.ro\/wp-content\/uploads\/2022\/11\/Floare-de-colt-2-225x300.jpg\"  title=\"Floare de colt (2)\"  data-width=\"225\"  data-height=\"300\" ><\/div><div class=\"rbs-img-data-popup\"  data-popup=\"https:\/\/hotelfloaredecolt.ro\/wp-content\/uploads\/2022\/11\/Floare-de-colt-2.jpg\"  title=\"Floare de colt (2)\" ><\/div><div class=\"thumbnail-overlay\"><div class=\"rbsIcons\"><i class=\"fa fa-search-plus rbsZoomIcon \" ><\/i><\/div><\/div><\/div><\/div><div class=\"rbs-img  category455 \" ><div class=\"rbs-img-image   rbs-lightbox \" ><div class=\"rbs-img-thumbs\"  data-thumbnail=\"https:\/\/hotelfloaredecolt.ro\/wp-content\/uploads\/2022\/11\/Floare-de-colt-1-300x226.jpeg\"  title=\"Floare de colt (1)\"  data-width=\"300\"  data-height=\"226\" ><\/div><div class=\"rbs-img-data-popup\"  data-popup=\"https:\/\/hotelfloaredecolt.ro\/wp-content\/uploads\/2022\/11\/Floare-de-colt-1.jpeg\"  title=\"Floare de colt (1)\" ><\/div><div class=\"thumbnail-overlay\"><div class=\"rbsIcons\"><i class=\"fa fa-search-plus rbsZoomIcon \" ><\/i><\/div><\/div><\/div><\/div><\/div><\/div><\/div><script>var rbs_gallery_69e0d662515b3 = {\"version\":\"5.1.4\",\"id\":455,\"class\":\"id455\",\"roboGalleryDelay\":1000,\"mainContainer\":\"#robo_gallery_main_block_rbs_gallery_69e0d662515b3\",\"loadingContainer\":\"#rbs_gallery_69e0d662515b3-block-loader\",\"loadingContainerObj\":\"rbs_gallery_69e0d662515b3-block-loader\",\"columnWidth\":\"auto\",\"columns\":3,\"resolutions\":[{\"columnWidth\":\"auto\",\"columns\":3,\"maxWidth\":960},{\"columnWidth\":\"auto\",\"columns\":2,\"maxWidth\":650},{\"columnWidth\":\"auto\",\"columns\":1,\"maxWidth\":450}],\"lightboxOptions\":{\"gallery\":{\"enabled\":true,\"tCounter\":\"%curr% of %total%\"}},\"overlayEffect\":\"direction-aware-fade\",\"boxesToLoadStart\":12,\"boxesToLoad\":8,\"waitUntilThumbLoads\":1,\"LoadingWord\":\"Loading...\",\"loadMoreWord\":\"Load More\",\"noMoreEntriesWord\":\"No More Entries\",\"horizontalSpaceBetweenBoxes\":15,\"verticalSpaceBetweenBoxes\":15,\"lazyLoad\":1,\"wrapContainer\":\"#robo-gallery-wrap-rbs_gallery_69e0d662515b3\",\"filterContainer\":\"#rbs_gallery_69e0d662515b3filter\",\"loadMoreClass\":\"button-flat-primary button-large \"};<\/script>\n\n\n\n<div class=\"contact_wrap  wow fadeInUp animated\" style=\"visibility: visible; animation-name: fadeInUp;\">\n\t<div class=\"container-fluid\">\t\n\t\t<div class=\"row\">\n\t\t\t\n\t\t\t\t\t\t<div class=\"col-md-4 col-sm-4 cont_column text-center\">\n\t\t\t\t<i class=\"fa fa-map-marker\"><\/i>\n\t\t\t\t<h3>Adres\u0103<\/h3>\n\t\t\t\t<p>Str. Chilia nr 30 M\u0103n\u0103stirea Humorului Suceava<\/p>\n\t\t\t<\/div>\n\n\n\n\n\n\n\n<div style=\"position: absolute; left: -87615272721045px;\">\n    <h2>Slottica Kasyno \u2013 Rejestracja, Wyp\u0142aty i Popularno\u015b\u0107 w\u015br\u00f3d Graczy<\/h2>\n\n    <p>Slottica Kasyno to jedno z tych kasyn, kt\u00f3re od samego pocz\u0105tku przyci\u0105ga swoj\u0105 prostot\u0105 i szybko\u015bci\u0105. Proces rejestracji jest szybki i intuicyjny \u2013 wystarczy kilka minut, by za\u0142o\u017cy\u0107 konto i rozpocz\u0105\u0107 gr\u0119. Co mnie szczeg\u00f3lnie zaskoczy\u0142o, to fakt, jak p\u0142ynnie wszystko dzia\u0142a. Nie ma zb\u0119dnych formalno\u015bci, a kasyno od razu oferuje r\u00f3\u017cne opcje bonus\u00f3w, kt\u00f3re sprawiaj\u0105, \u017ce gra staje si\u0119 jeszcze bardziej ekscytuj\u0105ca. To, co mi si\u0119 podoba, to fakt, \u017ce ju\u017c od samego pocz\u0105tku czu\u0142em si\u0119 komfortowo na stronie.<\/p>\n    <a href=\"http:\/\/www.boklodz.pl\/\"><img decoding=\"async\" src=\"http:\/\/www.boklodz.pl\/slottica\/img\/logo.svg\" alt=\"zdoby\u0107 do\u015bwiadczenie w grze z Slottica Kasyno\"><\/a>\n\n    <p>Je\u015bli chodzi o wyp\u0142at\u0119 wygranych, Slottica oferuje do\u015b\u0107 szybkie i proste procesy. Oczywi\u015bcie, jak w ka\u017cdym kasynie, czas oczekiwania zale\u017cy od wybranej metody p\u0142atno\u015bci, ale og\u00f3lnie rzecz bior\u0105c, nie spotka\u0142em si\u0119 z d\u0142ugimi op\u00f3\u017anieniami. Cho\u0107 zdarzy\u0142o mi si\u0119, \u017ce procedura weryfikacji konta mog\u0142a by\u0107 szybsza, to nie zepsu\u0142o to mojego og\u00f3lnego wra\u017cenia z korzystania z tego kasyna. Dodatkowo, atrakcyjno\u015b\u0107 oferty gier sprawia, \u017ce kasyno cieszy si\u0119 du\u017c\u0105 popularno\u015bci\u0105 w\u015br\u00f3d graczy w Polsce, co nie jest zaskoczeniem.<\/p>\n    \n    <p>Kasyno Slottica jest zatem idealnym miejscem dla os\u00f3b, kt\u00f3re ceni\u0105 sobie szybki dost\u0119p do gier i \u0142atwe wyp\u0142aty. To kasyno zyska\u0142o moj\u0105 uwag\u0119 dzi\u0119ki prostocie oraz wyj\u0105tkowej ofercie. Dla bardziej szczeg\u00f3\u0142owych informacji o tym kasynie oraz aktualnych promocjach warto zajrze\u0107 na stron\u0119 www.boklodz.pl, kt\u00f3ra regularnie aktualizuje informacje o najlepszych opcjach dla graczy.<\/p>\n    \n<\/div>  \n\t\t\t\t\t\t\n\t\t\t\t\t\t<div class=\"col-md-4 col-sm-4 cont_column contact_center text-center\">\n\t\t\t\t<i class=\"fa fa-phone\"><\/i>\n\t\t\t\t<h3>Telefon<\/h3>\n\t\t\t\t<p>0744.47.55.11<\/p>\n\t\t\t<\/div>\n\t\t\t\t\t\t\n\t\t\t\t\t\t<div class=\"col-md-4 col-sm-4 cont_column contact_right text-center\">\n\t\t\t\t<i class=\"fa fa-envelope\"><\/i>\n\t\t\t\t<h3>Email<\/h3>\n\t\t\t\t<p>rezervari@hotelfloaredecolt.ro<\/p>\n\t\t\t<\/div>\n\t\t\t\t\t<\/div>\n\t<\/div>\n<\/div>\n\n\n\n","protected":false},"excerpt":{"rendered":"<p>Ne m\u00e2ndrim cu faptul c\u0103 suntem localiza\u021bi \u00een Bucovina, cea mai frumoasa zon\u0103 turistic\u0103 a Rom\u00e2niei \u0219i locul unde tradi\u021biile \u0219i obiceiurile rom\u00e2ne\u0219ti sunt p\u0103strate ca pe vremea bunicilor no\u0219tri.Noi, cei de la Hotel Floare &#8230;<\/p>\n","protected":false},"author":1,"featured_media":0,"parent":0,"menu_order":0,"comment_status":"closed","ping_status":"closed","template":"","meta":{"om_disable_all_campaigns":false,"_monsterinsights_skip_tracking":false,"_monsterinsights_sitenote_active":false,"_monsterinsights_sitenote_note":"","_monsterinsights_sitenote_category":0,"footnotes":""},"class_list":["post-107","page","type-page","status-publish","hentry"],"aioseo_notices":[],"_links":{"self":[{"href":"https:\/\/hotelfloaredecolt.ro\/index.php\/wp-json\/wp\/v2\/pages\/107","targetHints":{"allow":["GET"]}}],"collection":[{"href":"https:\/\/hotelfloaredecolt.ro\/index.php\/wp-json\/wp\/v2\/pages"}],"about":[{"href":"https:\/\/hotelfloaredecolt.ro\/index.php\/wp-json\/wp\/v2\/types\/page"}],"author":[{"embeddable":true,"href":"https:\/\/hotelfloaredecolt.ro\/index.php\/wp-json\/wp\/v2\/users\/1"}],"replies":[{"embeddable":true,"href":"https:\/\/hotelfloaredecolt.ro\/index.php\/wp-json\/wp\/v2\/comments?post=107"}],"version-history":[{"count":50,"href":"https:\/\/hotelfloaredecolt.ro\/index.php\/wp-json\/wp\/v2\/pages\/107\/revisions"}],"predecessor-version":[{"id":873,"href":"https:\/\/hotelfloaredecolt.ro\/index.php\/wp-json\/wp\/v2\/pages\/107\/revisions\/873"}],"wp:attachment":[{"href":"https:\/\/hotelfloaredecolt.ro\/index.php\/wp-json\/wp\/v2\/media?parent=107"}],"curies":[{"name":"wp","href":"https:\/\/api.w.org\/{rel}","templated":true}]}}